{"id":40675,"date":"2026-02-24T11:23:21","date_gmt":"2026-02-24T10:23:21","guid":{"rendered":"https:\/\/imprimeideas.es\/?post_type=product&p=40675"},"modified":"2026-02-26T18:19:11","modified_gmt":"2026-02-26T17:19:11","slug":"parasol-xaton","status":"publish","type":"product","link":"https:\/\/imprimeideas.es\/en\/product\/parasol-xaton\/","title":{"rendered":"Parasol Xaton"},"content":{"rendered":"<p>Parasol en aluminio con burbuja en ambas caras. Acabado plateado metalizado, con ribetes en color negro y en tama\u00f1o 130 x 70 cm. Con cintas el\u00e1sticas para plegado y presentaci\u00f3n desplegado en plancha para f\u00e1cil impresi\u00f3n, con bolsas aparte.<\/p>","protected":false},"excerpt":{"rendered":"<p>Parasol en aluminio con burbuja en ambas caras. Acabado plateado metalizado, con ribetes en color negro y en tama\u00f1o 130<\/p>","protected":false},"featured_media":85416,"comment_status":"open","ping_status":"open","template":"","meta":{"inline_featured_image":false},"product_brand":[],"product_cat":[110],"product_tag":[],"class_list":{"0":"post-40675","1":"product","2":"type-product","3":"status-publish","4":"has-post-thumbnail","6":"product_cat-herramientas-brico-y-automovil","8":"first","9":"instock","10":"taxable","11":"shipping-taxable","12":"purchasable","13":"product-type-variable","14":"has-default-attributes"},"aioseo_notices":[],"_links":{"self":[{"href":"https:\/\/imprimeideas.es\/en\/wp-json\/wp\/v2\/product\/40675","targetHints":{"allow":["GET"]}}],"collection":[{"href":"https:\/\/imprimeideas.es\/en\/wp-json\/wp\/v2\/product"}],"about":[{"href":"https:\/\/imprimeideas.es\/en\/wp-json\/wp\/v2\/types\/product"}],"replies":[{"embeddable":true,"href":"https:\/\/imprimeideas.es\/en\/wp-json\/wp\/v2\/comments?post=40675"}],"version-history":[{"count":1,"href":"https:\/\/imprimeideas.es\/en\/wp-json\/wp\/v2\/product\/40675\/revisions"}],"predecessor-version":[{"id":54536,"href":"https:\/\/imprimeideas.es\/en\/wp-json\/wp\/v2\/product\/40675\/revisions\/54536"}],"wp:featuredmedia":[{"embeddable":true,"href":"https:\/\/imprimeideas.es\/en\/wp-json\/wp\/v2\/media\/85416"}],"wp:attachment":[{"href":"https:\/\/imprimeideas.es\/en\/wp-json\/wp\/v2\/media?parent=40675"}],"wp:term":[{"taxonomy":"product_brand","embeddable":true,"href":"https:\/\/imprimeideas.es\/en\/wp-json\/wp\/v2\/product_brand?post=40675"},{"taxonomy":"product_cat","embeddable":true,"href":"https:\/\/imprimeideas.es\/en\/wp-json\/wp\/v2\/product_cat?post=40675"},{"taxonomy":"product_tag","embeddable":true,"href":"https:\/\/imprimeideas.es\/en\/wp-json\/wp\/v2\/product_tag?post=40675"}],"curies":[{"name":"wp","href":"https:\/\/api.w.org\/{rel}","templated":true}]}}