{"id":40662,"date":"2026-02-24T11:23:20","date_gmt":"2026-02-24T10:23:20","guid":{"rendered":"https:\/\/imprimeideas.es\/?post_type=product&p=40662"},"modified":"2026-02-26T18:37:38","modified_gmt":"2026-02-26T17:37:38","slug":"navaja-datrak","status":"publish","type":"product","link":"https:\/\/imprimeideas.es\/en\/product\/navaja-datrak\/","title":{"rendered":"Navaja Datrak"},"content":{"rendered":"<p>Navaja con hoja en acero inox de acabado negro y resistente empu\u00f1adura a juego en aluminio. Con mosquet\u00f3n integrado en mango y bloqueo de seguridad. Con troquelado en hoja para una f\u00e1cil apertura y presentada en caja individual de dise\u00f1o negra.<\/p>","protected":false},"excerpt":{"rendered":"<p>Con Bloqueo<\/p>","protected":false},"featured_media":74752,"comment_status":"open","ping_status":"open","template":"","meta":{"inline_featured_image":false},"product_brand":[],"product_cat":[110],"product_tag":[],"class_list":{"0":"post-40662","1":"product","2":"type-product","3":"status-publish","4":"has-post-thumbnail","6":"product_cat-herramientas-brico-y-automovil","8":"first","9":"instock","10":"taxable","11":"shipping-taxable","12":"purchasable","13":"product-type-variable","14":"has-default-attributes"},"aioseo_notices":[],"_links":{"self":[{"href":"https:\/\/imprimeideas.es\/en\/wp-json\/wp\/v2\/product\/40662","targetHints":{"allow":["GET"]}}],"collection":[{"href":"https:\/\/imprimeideas.es\/en\/wp-json\/wp\/v2\/product"}],"about":[{"href":"https:\/\/imprimeideas.es\/en\/wp-json\/wp\/v2\/types\/product"}],"replies":[{"embeddable":true,"href":"https:\/\/imprimeideas.es\/en\/wp-json\/wp\/v2\/comments?post=40662"}],"version-history":[{"count":1,"href":"https:\/\/imprimeideas.es\/en\/wp-json\/wp\/v2\/product\/40662\/revisions"}],"predecessor-version":[{"id":54529,"href":"https:\/\/imprimeideas.es\/en\/wp-json\/wp\/v2\/product\/40662\/revisions\/54529"}],"wp:featuredmedia":[{"embeddable":true,"href":"https:\/\/imprimeideas.es\/en\/wp-json\/wp\/v2\/media\/74752"}],"wp:attachment":[{"href":"https:\/\/imprimeideas.es\/en\/wp-json\/wp\/v2\/media?parent=40662"}],"wp:term":[{"taxonomy":"product_brand","embeddable":true,"href":"https:\/\/imprimeideas.es\/en\/wp-json\/wp\/v2\/product_brand?post=40662"},{"taxonomy":"product_cat","embeddable":true,"href":"https:\/\/imprimeideas.es\/en\/wp-json\/wp\/v2\/product_cat?post=40662"},{"taxonomy":"product_tag","embeddable":true,"href":"https:\/\/imprimeideas.es\/en\/wp-json\/wp\/v2\/product_tag?post=40662"}],"curies":[{"name":"wp","href":"https:\/\/api.w.org\/{rel}","templated":true}]}}