{"id":40659,"date":"2026-02-24T11:23:20","date_gmt":"2026-02-24T10:23:20","guid":{"rendered":"https:\/\/imprimeideas.es\/?post_type=product&p=40659"},"modified":"2026-02-25T19:52:15","modified_gmt":"2026-02-25T18:52:15","slug":"multiherramienta-craxin","status":"publish","type":"product","link":"https:\/\/imprimeideas.es\/en\/product\/multiherramienta-craxin\/","title":{"rendered":"Multiherramienta Craxin"},"content":{"rendered":"<p>Multiherramienta de l\u00ednea nature, con resistente cuerpo en acero inox y empu\u00f1adura de bamb\u00fa. Con 13 funciones, entre otras martillo y sacaclavos cuchillo y cortau\u00f1as destornillador plano y philips lima abridor y alicates. Cord\u00f3n a juego en polipiel y presentada en caja individual de dise\u00f1o kraft.<\/p>","protected":false},"excerpt":{"rendered":"<p>13 Funciones<\/p>","protected":false},"featured_media":62803,"comment_status":"open","ping_status":"open","template":"","meta":{"inline_featured_image":false},"product_brand":[],"product_cat":[122,110],"product_tag":[],"class_list":{"0":"post-40659","1":"product","2":"type-product","3":"status-publish","4":"has-post-thumbnail","6":"product_cat-articulos-sostenibles","7":"product_cat-herramientas-brico-y-automovil","9":"first","10":"outofstock","11":"taxable","12":"shipping-taxable","13":"purchasable","14":"product-type-variable","15":"has-default-attributes"},"aioseo_notices":[],"_links":{"self":[{"href":"https:\/\/imprimeideas.es\/en\/wp-json\/wp\/v2\/product\/40659","targetHints":{"allow":["GET"]}}],"collection":[{"href":"https:\/\/imprimeideas.es\/en\/wp-json\/wp\/v2\/product"}],"about":[{"href":"https:\/\/imprimeideas.es\/en\/wp-json\/wp\/v2\/types\/product"}],"replies":[{"embeddable":true,"href":"https:\/\/imprimeideas.es\/en\/wp-json\/wp\/v2\/comments?post=40659"}],"version-history":[{"count":1,"href":"https:\/\/imprimeideas.es\/en\/wp-json\/wp\/v2\/product\/40659\/revisions"}],"predecessor-version":[{"id":54528,"href":"https:\/\/imprimeideas.es\/en\/wp-json\/wp\/v2\/product\/40659\/revisions\/54528"}],"wp:featuredmedia":[{"embeddable":true,"href":"https:\/\/imprimeideas.es\/en\/wp-json\/wp\/v2\/media\/62803"}],"wp:attachment":[{"href":"https:\/\/imprimeideas.es\/en\/wp-json\/wp\/v2\/media?parent=40659"}],"wp:term":[{"taxonomy":"product_brand","embeddable":true,"href":"https:\/\/imprimeideas.es\/en\/wp-json\/wp\/v2\/product_brand?post=40659"},{"taxonomy":"product_cat","embeddable":true,"href":"https:\/\/imprimeideas.es\/en\/wp-json\/wp\/v2\/product_cat?post=40659"},{"taxonomy":"product_tag","embeddable":true,"href":"https:\/\/imprimeideas.es\/en\/wp-json\/wp\/v2\/product_tag?post=40659"}],"curies":[{"name":"wp","href":"https:\/\/api.w.org\/{rel}","templated":true}]}}