{"id":40648,"date":"2026-02-24T11:23:19","date_gmt":"2026-02-24T10:23:19","guid":{"rendered":"https:\/\/imprimeideas.es\/?post_type=product&p=40648"},"modified":"2026-02-25T19:52:25","modified_gmt":"2026-02-25T18:52:25","slug":"set-herramientas-raylok","status":"publish","type":"product","link":"https:\/\/imprimeideas.es\/en\/product\/set-herramientas-raylok\/","title":{"rendered":"Set Herramientas Raylok"},"content":{"rendered":"<p>Set de herramientas de l\u00ednea nature, presentado en resistente caja de bamb\u00fa con cierre met\u00e1lico. Con interior troquelado en bamb\u00fa para un perfecto ajuste de las herramientas. Incluye destornillador con multitud de puntas planas, philips, hexagonales y torx juego de llaves allen en distintas medidas y llaves de tubo con accesorio alargador. Presentado en caja individual de dise\u00f1o kraft.<\/p>","protected":false},"excerpt":{"rendered":"<p>19 Accesorios<\/p>","protected":false},"featured_media":83286,"comment_status":"open","ping_status":"open","template":"","meta":{"inline_featured_image":false},"product_brand":[],"product_cat":[122,110],"product_tag":[],"class_list":{"0":"post-40648","1":"product","2":"type-product","3":"status-publish","4":"has-post-thumbnail","6":"product_cat-articulos-sostenibles","7":"product_cat-herramientas-brico-y-automovil","9":"first","10":"outofstock","11":"taxable","12":"shipping-taxable","13":"purchasable","14":"product-type-variable","15":"has-default-attributes"},"aioseo_notices":[],"_links":{"self":[{"href":"https:\/\/imprimeideas.es\/en\/wp-json\/wp\/v2\/product\/40648","targetHints":{"allow":["GET"]}}],"collection":[{"href":"https:\/\/imprimeideas.es\/en\/wp-json\/wp\/v2\/product"}],"about":[{"href":"https:\/\/imprimeideas.es\/en\/wp-json\/wp\/v2\/types\/product"}],"replies":[{"embeddable":true,"href":"https:\/\/imprimeideas.es\/en\/wp-json\/wp\/v2\/comments?post=40648"}],"version-history":[{"count":1,"href":"https:\/\/imprimeideas.es\/en\/wp-json\/wp\/v2\/product\/40648\/revisions"}],"predecessor-version":[{"id":54523,"href":"https:\/\/imprimeideas.es\/en\/wp-json\/wp\/v2\/product\/40648\/revisions\/54523"}],"wp:featuredmedia":[{"embeddable":true,"href":"https:\/\/imprimeideas.es\/en\/wp-json\/wp\/v2\/media\/83286"}],"wp:attachment":[{"href":"https:\/\/imprimeideas.es\/en\/wp-json\/wp\/v2\/media?parent=40648"}],"wp:term":[{"taxonomy":"product_brand","embeddable":true,"href":"https:\/\/imprimeideas.es\/en\/wp-json\/wp\/v2\/product_brand?post=40648"},{"taxonomy":"product_cat","embeddable":true,"href":"https:\/\/imprimeideas.es\/en\/wp-json\/wp\/v2\/product_cat?post=40648"},{"taxonomy":"product_tag","embeddable":true,"href":"https:\/\/imprimeideas.es\/en\/wp-json\/wp\/v2\/product_tag?post=40648"}],"curies":[{"name":"wp","href":"https:\/\/api.w.org\/{rel}","templated":true}]}}