{"id":40644,"date":"2026-02-24T11:23:18","date_gmt":"2026-02-24T10:23:18","guid":{"rendered":"https:\/\/imprimeideas.es\/?post_type=product&p=40644"},"modified":"2026-02-26T18:23:19","modified_gmt":"2026-02-26T17:23:19","slug":"lapiz-eterno-multifuncion-suriak","status":"publish","type":"product","link":"https:\/\/imprimeideas.es\/en\/product\/lapiz-eterno-multifuncion-suriak\/","title":{"rendered":"L\u00e1piz Eterno Multifunci\u00f3n Suriak"},"content":{"rendered":"<p>L\u00e1piz eterno multifunci\u00f3n fabricado en bamb\u00fa. Funciones l\u00e1piz, puntero t\u00e1ctil y regla, con medidas en cent\u00edmetros (11) y pulgadas (4). Reutilizable y con escritura infinita, para as\u00ed usar siempre el mismo l\u00e1piz y no generar residuos.<\/p>","protected":false},"excerpt":{"rendered":"<p>3 Funciones<\/p>","protected":false},"featured_media":82250,"comment_status":"open","ping_status":"open","template":"","meta":{"inline_featured_image":false},"product_brand":[],"product_cat":[122,100,110],"product_tag":[],"class_list":{"0":"post-40644","1":"product","2":"type-product","3":"status-publish","4":"has-post-thumbnail","6":"product_cat-articulos-sostenibles","7":"product_cat-escritura","8":"product_cat-herramientas-brico-y-automovil","10":"first","11":"instock","12":"taxable","13":"shipping-taxable","14":"purchasable","15":"product-type-variable","16":"has-default-attributes"},"aioseo_notices":[],"_links":{"self":[{"href":"https:\/\/imprimeideas.es\/en\/wp-json\/wp\/v2\/product\/40644","targetHints":{"allow":["GET"]}}],"collection":[{"href":"https:\/\/imprimeideas.es\/en\/wp-json\/wp\/v2\/product"}],"about":[{"href":"https:\/\/imprimeideas.es\/en\/wp-json\/wp\/v2\/types\/product"}],"replies":[{"embeddable":true,"href":"https:\/\/imprimeideas.es\/en\/wp-json\/wp\/v2\/comments?post=40644"}],"version-history":[{"count":1,"href":"https:\/\/imprimeideas.es\/en\/wp-json\/wp\/v2\/product\/40644\/revisions"}],"predecessor-version":[{"id":54521,"href":"https:\/\/imprimeideas.es\/en\/wp-json\/wp\/v2\/product\/40644\/revisions\/54521"}],"wp:featuredmedia":[{"embeddable":true,"href":"https:\/\/imprimeideas.es\/en\/wp-json\/wp\/v2\/media\/82250"}],"wp:attachment":[{"href":"https:\/\/imprimeideas.es\/en\/wp-json\/wp\/v2\/media?parent=40644"}],"wp:term":[{"taxonomy":"product_brand","embeddable":true,"href":"https:\/\/imprimeideas.es\/en\/wp-json\/wp\/v2\/product_brand?post=40644"},{"taxonomy":"product_cat","embeddable":true,"href":"https:\/\/imprimeideas.es\/en\/wp-json\/wp\/v2\/product_cat?post=40644"},{"taxonomy":"product_tag","embeddable":true,"href":"https:\/\/imprimeideas.es\/en\/wp-json\/wp\/v2\/product_tag?post=40644"}],"curies":[{"name":"wp","href":"https:\/\/api.w.org\/{rel}","templated":true}]}}