{"id":40624,"date":"2026-02-24T11:23:16","date_gmt":"2026-02-24T10:23:16","guid":{"rendered":"https:\/\/imprimeideas.es\/?post_type=product&p=40624"},"modified":"2026-02-26T18:27:59","modified_gmt":"2026-02-26T17:27:59","slug":"lampara-power-bank-mufar","status":"publish","type":"product","link":"https:\/\/imprimeideas.es\/en\/product\/lampara-power-bank-mufar\/","title":{"rendered":"L\u00e1mpara Power Bank Mufar"},"content":{"rendered":"<p>L\u00e1mpara multifunci\u00f3n alimentada por energ\u00eda solar, con bater\u00eda auxiliar integrada de 1.200 mAh y linterna. Fabricada en resistente material ABS, con asas plegables met\u00e1licas. Funciones:L\u00e1mpara con 6 LEDs de luz blanca y 60 l\u00famenesLinterna con 1 LED de luz blanca y 20 l\u00famenesBater\u00eda auxiliar de litio y 1.200 mAh, con salida USB y entrada Micro USB, cable de carga Micro USB incluido (5V DC 1A).Presentada en caja individual de dise\u00f1o kraft, con manual de instrucciones en espa\u00f1ol e ingl\u00e9s. Las capacidades mostradas en todas nuestras bater\u00edas auxiliares externas son reales, incorporando todas ellas bater\u00edas de grado A y no recicladas, con una vida \u00fatil de al menos 500 ciclos de carga y seg\u00fan normativa CE. Adem\u00e1s, est\u00e1n fabricadas conforme a los est\u00e1ndares RoHS y en cumplimiento con los siguientes requisitos de seguridad:Sistema de protecci\u00f3n contra sobrecarga del power bank. Sistema de protecci\u00f3n contra descarga completa que proporciona una mayor durabilidad del power bank. Sistema de bloqueo para evitar cortocircuitos. Sistema de transferencia de carga constante, acorde con la capacidad del dispositivo de destino.<\/p>","protected":false},"excerpt":{"rendered":"<p>7 Ledes. 1200 mAh. Carga Solar. Salida USB. Entrada Micro USB<\/p>","protected":false},"featured_media":73282,"comment_status":"open","ping_status":"open","template":"","meta":{"inline_featured_image":false},"product_brand":[],"product_cat":[102],"product_tag":[],"class_list":{"0":"post-40624","1":"product","2":"type-product","3":"status-publish","4":"has-post-thumbnail","6":"product_cat-ocio-y-tiempo-libre","8":"first","9":"instock","10":"taxable","11":"shipping-taxable","12":"purchasable","13":"product-type-variable","14":"has-default-attributes"},"aioseo_notices":[],"_links":{"self":[{"href":"https:\/\/imprimeideas.es\/en\/wp-json\/wp\/v2\/product\/40624","targetHints":{"allow":["GET"]}}],"collection":[{"href":"https:\/\/imprimeideas.es\/en\/wp-json\/wp\/v2\/product"}],"about":[{"href":"https:\/\/imprimeideas.es\/en\/wp-json\/wp\/v2\/types\/product"}],"replies":[{"embeddable":true,"href":"https:\/\/imprimeideas.es\/en\/wp-json\/wp\/v2\/comments?post=40624"}],"version-history":[{"count":1,"href":"https:\/\/imprimeideas.es\/en\/wp-json\/wp\/v2\/product\/40624\/revisions"}],"predecessor-version":[{"id":54514,"href":"https:\/\/imprimeideas.es\/en\/wp-json\/wp\/v2\/product\/40624\/revisions\/54514"}],"wp:featuredmedia":[{"embeddable":true,"href":"https:\/\/imprimeideas.es\/en\/wp-json\/wp\/v2\/media\/73282"}],"wp:attachment":[{"href":"https:\/\/imprimeideas.es\/en\/wp-json\/wp\/v2\/media?parent=40624"}],"wp:term":[{"taxonomy":"product_brand","embeddable":true,"href":"https:\/\/imprimeideas.es\/en\/wp-json\/wp\/v2\/product_brand?post=40624"},{"taxonomy":"product_cat","embeddable":true,"href":"https:\/\/imprimeideas.es\/en\/wp-json\/wp\/v2\/product_cat?post=40624"},{"taxonomy":"product_tag","embeddable":true,"href":"https:\/\/imprimeideas.es\/en\/wp-json\/wp\/v2\/product_tag?post=40624"}],"curies":[{"name":"wp","href":"https:\/\/api.w.org\/{rel}","templated":true}]}}