{"id":40622,"date":"2026-02-24T11:23:16","date_gmt":"2026-02-24T10:23:16","guid":{"rendered":"https:\/\/imprimeideas.es\/?post_type=product&p=40622"},"modified":"2026-02-26T18:23:18","modified_gmt":"2026-02-26T17:23:18","slug":"set-picnic-tilken","status":"publish","type":"product","link":"https:\/\/imprimeideas.es\/en\/product\/set-picnic-tilken\/","title":{"rendered":"Set Picnic Tilken"},"content":{"rendered":"<p>Original set de picnic de 2 servicios. Presentado en resistente funda 600D RPET, con cierre de cremallera, asa de transporte y etiqueta exterior con distintivo RPET. Interior reforzado, con compartimentos para los diferentes accesorios. Contenido: 2 cucharas, 2 cuchillos, 1 cuchillo de untar y 2 tenedores en acero inox con mango en PP blanco2 platos en PP blanco de 23 cm de di\u00e1metro.2 servilletas en tela de 29 x 29 cm. Con dise\u00f1o retro en patr\u00f3n a cuadros y en combinaci\u00f3n tonos negros, grises y blancos.Tabla de corte y presentaci\u00f3n de 15 x 15 cm, en PP blanco.El material RPET de la funda se elabora a partir de pl\u00e1stico reciclado, para as\u00ed fomentar la reutilizaci\u00f3n de residuos pl\u00e1sticos y ayudar a la sostenibilidad del planeta.<\/p>","protected":false},"excerpt":{"rendered":"<p>13 Piezas. 2 Servicios<\/p>","protected":false},"featured_media":75583,"comment_status":"open","ping_status":"open","template":"","meta":{"inline_featured_image":false},"product_brand":[],"product_cat":[122,102],"product_tag":[],"class_list":{"0":"post-40622","1":"product","2":"type-product","3":"status-publish","4":"has-post-thumbnail","6":"product_cat-articulos-sostenibles","7":"product_cat-ocio-y-tiempo-libre","9":"first","10":"instock","11":"taxable","12":"shipping-taxable","13":"purchasable","14":"product-type-variable","15":"has-default-attributes"},"aioseo_notices":[],"_links":{"self":[{"href":"https:\/\/imprimeideas.es\/en\/wp-json\/wp\/v2\/product\/40622","targetHints":{"allow":["GET"]}}],"collection":[{"href":"https:\/\/imprimeideas.es\/en\/wp-json\/wp\/v2\/product"}],"about":[{"href":"https:\/\/imprimeideas.es\/en\/wp-json\/wp\/v2\/types\/product"}],"replies":[{"embeddable":true,"href":"https:\/\/imprimeideas.es\/en\/wp-json\/wp\/v2\/comments?post=40622"}],"version-history":[{"count":1,"href":"https:\/\/imprimeideas.es\/en\/wp-json\/wp\/v2\/product\/40622\/revisions"}],"predecessor-version":[{"id":54513,"href":"https:\/\/imprimeideas.es\/en\/wp-json\/wp\/v2\/product\/40622\/revisions\/54513"}],"wp:featuredmedia":[{"embeddable":true,"href":"https:\/\/imprimeideas.es\/en\/wp-json\/wp\/v2\/media\/75583"}],"wp:attachment":[{"href":"https:\/\/imprimeideas.es\/en\/wp-json\/wp\/v2\/media?parent=40622"}],"wp:term":[{"taxonomy":"product_brand","embeddable":true,"href":"https:\/\/imprimeideas.es\/en\/wp-json\/wp\/v2\/product_brand?post=40622"},{"taxonomy":"product_cat","embeddable":true,"href":"https:\/\/imprimeideas.es\/en\/wp-json\/wp\/v2\/product_cat?post=40622"},{"taxonomy":"product_tag","embeddable":true,"href":"https:\/\/imprimeideas.es\/en\/wp-json\/wp\/v2\/product_tag?post=40622"}],"curies":[{"name":"wp","href":"https:\/\/api.w.org\/{rel}","templated":true}]}}