{"id":40619,"date":"2026-02-24T11:23:16","date_gmt":"2026-02-24T10:23:16","guid":{"rendered":"https:\/\/imprimeideas.es\/?post_type=product&p=40619"},"modified":"2026-02-26T18:08:08","modified_gmt":"2026-02-26T17:08:08","slug":"set-menaje-camping-sondic","status":"publish","type":"product","link":"https:\/\/imprimeideas.es\/en\/product\/set-menaje-camping-sondic\/","title":{"rendered":"Set Menaje Camping Sondic"},"content":{"rendered":"<p>Completo set de menaje para camping de tama\u00f1o ultra compacto. Presentado en resistente funda de RPET con cierre de cord\u00f3n, accesorio de ajuste y etiqueta exterior con distintivo RPET. Contenido:1 olla de aluminio acabado gris mate. 800 ml de capacidad 13 cm de di\u00e1metro x 10 cm de alto. Asas plegables con protecci\u00f3n antiquemaduras.1 olla de aluminio acabado gris mate. 600 ml de capacidad 12 cm de di\u00e1metro x 6,5 cm de alto. Asas plegables con protecci\u00f3n antiquemaduras.Cuchara, cuchillo y tenedor plegables fabricados en acero inox. Con mango troquelado y cierres de seguridad. Presentados en funda individual de RPET con cordones de cierre. El material RPET de las fundas se elabora a partir de pl\u00e1stico reciclado, para as\u00ed fomentar la reutilizaci\u00f3n de residuos pl\u00e1sticos y ayudar a la sostenibilidad del planeta.<\/p>","protected":false},"excerpt":{"rendered":"<p>5 Accesorios. Funda Poli\u00e9ster RPET<\/p>","protected":false},"featured_media":41076,"comment_status":"open","ping_status":"open","template":"","meta":{"inline_featured_image":false},"product_brand":[],"product_cat":[102],"product_tag":[],"class_list":{"0":"post-40619","1":"product","2":"type-product","3":"status-publish","4":"has-post-thumbnail","6":"product_cat-ocio-y-tiempo-libre","8":"first","9":"instock","10":"taxable","11":"shipping-taxable","12":"purchasable","13":"product-type-variable","14":"has-default-attributes"},"aioseo_notices":[],"_links":{"self":[{"href":"https:\/\/imprimeideas.es\/en\/wp-json\/wp\/v2\/product\/40619","targetHints":{"allow":["GET"]}}],"collection":[{"href":"https:\/\/imprimeideas.es\/en\/wp-json\/wp\/v2\/product"}],"about":[{"href":"https:\/\/imprimeideas.es\/en\/wp-json\/wp\/v2\/types\/product"}],"replies":[{"embeddable":true,"href":"https:\/\/imprimeideas.es\/en\/wp-json\/wp\/v2\/comments?post=40619"}],"version-history":[{"count":1,"href":"https:\/\/imprimeideas.es\/en\/wp-json\/wp\/v2\/product\/40619\/revisions"}],"predecessor-version":[{"id":54512,"href":"https:\/\/imprimeideas.es\/en\/wp-json\/wp\/v2\/product\/40619\/revisions\/54512"}],"wp:featuredmedia":[{"embeddable":true,"href":"https:\/\/imprimeideas.es\/en\/wp-json\/wp\/v2\/media\/41076"}],"wp:attachment":[{"href":"https:\/\/imprimeideas.es\/en\/wp-json\/wp\/v2\/media?parent=40619"}],"wp:term":[{"taxonomy":"product_brand","embeddable":true,"href":"https:\/\/imprimeideas.es\/en\/wp-json\/wp\/v2\/product_brand?post=40619"},{"taxonomy":"product_cat","embeddable":true,"href":"https:\/\/imprimeideas.es\/en\/wp-json\/wp\/v2\/product_cat?post=40619"},{"taxonomy":"product_tag","embeddable":true,"href":"https:\/\/imprimeideas.es\/en\/wp-json\/wp\/v2\/product_tag?post=40619"}],"curies":[{"name":"wp","href":"https:\/\/api.w.org\/{rel}","templated":true}]}}