{"id":40617,"date":"2026-02-24T11:23:16","date_gmt":"2026-02-24T10:23:16","guid":{"rendered":"https:\/\/imprimeideas.es\/?post_type=product&p=40617"},"modified":"2026-02-26T18:13:52","modified_gmt":"2026-02-26T17:13:52","slug":"saco-dormir-daltom","status":"publish","type":"product","link":"https:\/\/imprimeideas.es\/en\/product\/saco-dormir-daltom\/","title":{"rendered":"Saco Dormir Daltom"},"content":{"rendered":"<p>Saco de dormir fabricado en resistente poli\u00e9ster RPET 190T de agradable y c\u00e1lido tacto, en color gris. Con grueso acolchado interior y cierre de cremallera de apertura total con doble tirador interior y exterior. Funda a juego en RPET, con cierre de cord\u00f3n, ajustador y etiqueta exterior con distintivo RPET. El material RPET se elabora a partir de pl\u00e1stico reciclado, para as\u00ed fomentar la reutilizaci\u00f3n de residuos pl\u00e1sticos y ayudar a la sostenibilidad del planeta.<\/p>","protected":false},"excerpt":{"rendered":"<p>Funda Poli\u00e9ster RPET<\/p>","protected":false},"featured_media":73505,"comment_status":"open","ping_status":"open","template":"","meta":{"inline_featured_image":false},"product_brand":[],"product_cat":[122,102],"product_tag":[],"class_list":{"0":"post-40617","1":"product","2":"type-product","3":"status-publish","4":"has-post-thumbnail","6":"product_cat-articulos-sostenibles","7":"product_cat-ocio-y-tiempo-libre","9":"first","10":"instock","11":"taxable","12":"shipping-taxable","13":"purchasable","14":"product-type-variable","15":"has-default-attributes"},"aioseo_notices":[],"_links":{"self":[{"href":"https:\/\/imprimeideas.es\/en\/wp-json\/wp\/v2\/product\/40617","targetHints":{"allow":["GET"]}}],"collection":[{"href":"https:\/\/imprimeideas.es\/en\/wp-json\/wp\/v2\/product"}],"about":[{"href":"https:\/\/imprimeideas.es\/en\/wp-json\/wp\/v2\/types\/product"}],"replies":[{"embeddable":true,"href":"https:\/\/imprimeideas.es\/en\/wp-json\/wp\/v2\/comments?post=40617"}],"version-history":[{"count":1,"href":"https:\/\/imprimeideas.es\/en\/wp-json\/wp\/v2\/product\/40617\/revisions"}],"predecessor-version":[{"id":54511,"href":"https:\/\/imprimeideas.es\/en\/wp-json\/wp\/v2\/product\/40617\/revisions\/54511"}],"wp:featuredmedia":[{"embeddable":true,"href":"https:\/\/imprimeideas.es\/en\/wp-json\/wp\/v2\/media\/73505"}],"wp:attachment":[{"href":"https:\/\/imprimeideas.es\/en\/wp-json\/wp\/v2\/media?parent=40617"}],"wp:term":[{"taxonomy":"product_brand","embeddable":true,"href":"https:\/\/imprimeideas.es\/en\/wp-json\/wp\/v2\/product_brand?post=40617"},{"taxonomy":"product_cat","embeddable":true,"href":"https:\/\/imprimeideas.es\/en\/wp-json\/wp\/v2\/product_cat?post=40617"},{"taxonomy":"product_tag","embeddable":true,"href":"https:\/\/imprimeideas.es\/en\/wp-json\/wp\/v2\/product_tag?post=40617"}],"curies":[{"name":"wp","href":"https:\/\/api.w.org\/{rel}","templated":true}]}}