{"id":40576,"date":"2026-02-24T11:23:12","date_gmt":"2026-02-24T10:23:12","guid":{"rendered":"https:\/\/imprimeideas.es\/?post_type=product&p=40576"},"modified":"2026-02-26T18:19:35","modified_gmt":"2026-02-26T17:19:35","slug":"bolsa-pidrum","status":"publish","type":"product","link":"https:\/\/imprimeideas.es\/en\/product\/bolsa-pidrum\/","title":{"rendered":"Bolsa Pidrum"},"content":{"rendered":"<p>Bolsa de presentaci\u00f3n de inspiraci\u00f3n nature y acabado cosido, fabricada en poli\u00e9ster. Con cierre de cord\u00f3n y disponible en variada gama de colores.<\/p>","protected":false},"excerpt":{"rendered":"<p>Bolsa de presentaci\u00f3n de inspiraci\u00f3n nature y acabado cosido, fabricada en poli\u00e9ster. Con cierre de cord\u00f3n y disponible en variada<\/p>","protected":false},"featured_media":62806,"comment_status":"open","ping_status":"open","template":"","meta":{"inline_featured_image":false},"product_brand":[],"product_cat":[287],"product_tag":[],"class_list":{"0":"post-40576","1":"product","2":"type-product","3":"status-publish","4":"has-post-thumbnail","6":"product_cat-embalaje-especial","8":"first","9":"instock","10":"taxable","11":"shipping-taxable","12":"purchasable","13":"product-type-variable","14":"has-default-attributes"},"aioseo_notices":[],"_links":{"self":[{"href":"https:\/\/imprimeideas.es\/en\/wp-json\/wp\/v2\/product\/40576","targetHints":{"allow":["GET"]}}],"collection":[{"href":"https:\/\/imprimeideas.es\/en\/wp-json\/wp\/v2\/product"}],"about":[{"href":"https:\/\/imprimeideas.es\/en\/wp-json\/wp\/v2\/types\/product"}],"replies":[{"embeddable":true,"href":"https:\/\/imprimeideas.es\/en\/wp-json\/wp\/v2\/comments?post=40576"}],"version-history":[{"count":1,"href":"https:\/\/imprimeideas.es\/en\/wp-json\/wp\/v2\/product\/40576\/revisions"}],"predecessor-version":[{"id":54496,"href":"https:\/\/imprimeideas.es\/en\/wp-json\/wp\/v2\/product\/40576\/revisions\/54496"}],"wp:featuredmedia":[{"embeddable":true,"href":"https:\/\/imprimeideas.es\/en\/wp-json\/wp\/v2\/media\/62806"}],"wp:attachment":[{"href":"https:\/\/imprimeideas.es\/en\/wp-json\/wp\/v2\/media?parent=40576"}],"wp:term":[{"taxonomy":"product_brand","embeddable":true,"href":"https:\/\/imprimeideas.es\/en\/wp-json\/wp\/v2\/product_brand?post=40576"},{"taxonomy":"product_cat","embeddable":true,"href":"https:\/\/imprimeideas.es\/en\/wp-json\/wp\/v2\/product_cat?post=40576"},{"taxonomy":"product_tag","embeddable":true,"href":"https:\/\/imprimeideas.es\/en\/wp-json\/wp\/v2\/product_tag?post=40576"}],"curies":[{"name":"wp","href":"https:\/\/api.w.org\/{rel}","templated":true}]}}