{"id":40526,"date":"2026-02-24T11:23:07","date_gmt":"2026-02-24T10:23:07","guid":{"rendered":"https:\/\/imprimeideas.es\/?post_type=product&p=40526"},"modified":"2026-02-26T18:42:28","modified_gmt":"2026-02-26T17:42:28","slug":"pulsera-bosgo","status":"publish","type":"product","link":"https:\/\/imprimeideas.es\/en\/product\/pulsera-bosgo\/","title":{"rendered":"Pulsera Bosgo"},"content":{"rendered":"<p>Pulsera de l\u00ednea nature fabricada en resistente algod\u00f3n 100%, con cierre de seguridad unidireccional en bamb\u00fa.<\/p>","protected":false},"excerpt":{"rendered":"<p>Ajustable. Cierre Seguridad<\/p>","protected":false},"featured_media":81971,"comment_status":"open","ping_status":"open","template":"","meta":{"inline_featured_image":false},"product_brand":[],"product_cat":[122,113,106],"product_tag":[],"class_list":{"0":"post-40526","1":"product","2":"type-product","3":"status-publish","4":"has-post-thumbnail","6":"product_cat-articulos-sostenibles","7":"product_cat-eventos-y-fiesta","8":"product_cat-regalos-y-premiums","10":"first","11":"instock","12":"taxable","13":"shipping-taxable","14":"purchasable","15":"product-type-variable","16":"has-default-attributes"},"aioseo_notices":[],"_links":{"self":[{"href":"https:\/\/imprimeideas.es\/en\/wp-json\/wp\/v2\/product\/40526","targetHints":{"allow":["GET"]}}],"collection":[{"href":"https:\/\/imprimeideas.es\/en\/wp-json\/wp\/v2\/product"}],"about":[{"href":"https:\/\/imprimeideas.es\/en\/wp-json\/wp\/v2\/types\/product"}],"replies":[{"embeddable":true,"href":"https:\/\/imprimeideas.es\/en\/wp-json\/wp\/v2\/comments?post=40526"}],"version-history":[{"count":1,"href":"https:\/\/imprimeideas.es\/en\/wp-json\/wp\/v2\/product\/40526\/revisions"}],"predecessor-version":[{"id":54483,"href":"https:\/\/imprimeideas.es\/en\/wp-json\/wp\/v2\/product\/40526\/revisions\/54483"}],"wp:featuredmedia":[{"embeddable":true,"href":"https:\/\/imprimeideas.es\/en\/wp-json\/wp\/v2\/media\/81971"}],"wp:attachment":[{"href":"https:\/\/imprimeideas.es\/en\/wp-json\/wp\/v2\/media?parent=40526"}],"wp:term":[{"taxonomy":"product_brand","embeddable":true,"href":"https:\/\/imprimeideas.es\/en\/wp-json\/wp\/v2\/product_brand?post=40526"},{"taxonomy":"product_cat","embeddable":true,"href":"https:\/\/imprimeideas.es\/en\/wp-json\/wp\/v2\/product_cat?post=40526"},{"taxonomy":"product_tag","embeddable":true,"href":"https:\/\/imprimeideas.es\/en\/wp-json\/wp\/v2\/product_tag?post=40526"}],"curies":[{"name":"wp","href":"https:\/\/api.w.org\/{rel}","templated":true}]}}