{"id":40521,"date":"2026-02-24T11:23:07","date_gmt":"2026-02-24T10:23:07","guid":{"rendered":"https:\/\/imprimeideas.es\/?post_type=product&p=40521"},"modified":"2026-02-26T18:23:12","modified_gmt":"2026-02-26T17:23:12","slug":"medalla-guster","status":"publish","type":"product","link":"https:\/\/imprimeideas.es\/en\/product\/medalla-guster\/","title":{"rendered":"Medalla Guster"},"content":{"rendered":"<p>Medalla de l\u00ednea nature fabricada en madera natural. Cord\u00f3n fabricado en 100% algod\u00f3n, con cierre de seguridad de fibra de trigo en el cuello.<\/p>","protected":false},"excerpt":{"rendered":"<p>Cierre Seguridad<\/p>","protected":false},"featured_media":83745,"comment_status":"open","ping_status":"open","template":"","meta":{"inline_featured_image":false},"product_brand":[],"product_cat":[113],"product_tag":[],"class_list":{"0":"post-40521","1":"product","2":"type-product","3":"status-publish","4":"has-post-thumbnail","6":"product_cat-eventos-y-fiesta","8":"first","9":"outofstock","10":"taxable","11":"shipping-taxable","12":"purchasable","13":"product-type-variable","14":"has-default-attributes"},"aioseo_notices":[],"_links":{"self":[{"href":"https:\/\/imprimeideas.es\/en\/wp-json\/wp\/v2\/product\/40521","targetHints":{"allow":["GET"]}}],"collection":[{"href":"https:\/\/imprimeideas.es\/en\/wp-json\/wp\/v2\/product"}],"about":[{"href":"https:\/\/imprimeideas.es\/en\/wp-json\/wp\/v2\/types\/product"}],"replies":[{"embeddable":true,"href":"https:\/\/imprimeideas.es\/en\/wp-json\/wp\/v2\/comments?post=40521"}],"version-history":[{"count":1,"href":"https:\/\/imprimeideas.es\/en\/wp-json\/wp\/v2\/product\/40521\/revisions"}],"predecessor-version":[{"id":54481,"href":"https:\/\/imprimeideas.es\/en\/wp-json\/wp\/v2\/product\/40521\/revisions\/54481"}],"wp:featuredmedia":[{"embeddable":true,"href":"https:\/\/imprimeideas.es\/en\/wp-json\/wp\/v2\/media\/83745"}],"wp:attachment":[{"href":"https:\/\/imprimeideas.es\/en\/wp-json\/wp\/v2\/media?parent=40521"}],"wp:term":[{"taxonomy":"product_brand","embeddable":true,"href":"https:\/\/imprimeideas.es\/en\/wp-json\/wp\/v2\/product_brand?post=40521"},{"taxonomy":"product_cat","embeddable":true,"href":"https:\/\/imprimeideas.es\/en\/wp-json\/wp\/v2\/product_cat?post=40521"},{"taxonomy":"product_tag","embeddable":true,"href":"https:\/\/imprimeideas.es\/en\/wp-json\/wp\/v2\/product_tag?post=40521"}],"curies":[{"name":"wp","href":"https:\/\/api.w.org\/{rel}","templated":true}]}}