{"id":40514,"date":"2026-02-24T11:23:06","date_gmt":"2026-02-24T10:23:06","guid":{"rendered":"https:\/\/imprimeideas.es\/?post_type=product&p=40514"},"modified":"2026-02-26T18:08:08","modified_gmt":"2026-02-26T17:08:08","slug":"gorro-madelyn","status":"publish","type":"product","link":"https:\/\/imprimeideas.es\/en\/product\/gorro-madelyn\/","title":{"rendered":"Gorro Madelyn"},"content":{"rendered":"<p>Gorro tipo bob fabricado en resistente algod\u00f3n 100% reciclado. Con orificios de ventilaci\u00f3n bordados y disponible en variada gama de colores. Distintivo algod\u00f3n reciclado en etiqueta exterior. Certificaci\u00f3n GRS (Global Recycled Standard \/ Est\u00e1ndar de Reciclaje Global), que garantiza el origen reciclado del material usado para fabricar el producto.<\/p>","protected":false},"excerpt":{"rendered":"<p>Gorro tipo bob fabricado en resistente algod\u00f3n 100% reciclado. Con orificios de ventilaci\u00f3n bordados y disponible en variada gama de<\/p>","protected":false},"featured_media":77156,"comment_status":"open","ping_status":"open","template":"","meta":{"inline_featured_image":false},"product_brand":[],"product_cat":[122,112],"product_tag":[],"class_list":{"0":"post-40514","1":"product","2":"type-product","3":"status-publish","4":"has-post-thumbnail","6":"product_cat-articulos-sostenibles","7":"product_cat-gorras-y-sombreros","9":"first","10":"instock","11":"taxable","12":"shipping-taxable","13":"purchasable","14":"product-type-variable","15":"has-default-attributes"},"aioseo_notices":[],"_links":{"self":[{"href":"https:\/\/imprimeideas.es\/en\/wp-json\/wp\/v2\/product\/40514","targetHints":{"allow":["GET"]}}],"collection":[{"href":"https:\/\/imprimeideas.es\/en\/wp-json\/wp\/v2\/product"}],"about":[{"href":"https:\/\/imprimeideas.es\/en\/wp-json\/wp\/v2\/types\/product"}],"replies":[{"embeddable":true,"href":"https:\/\/imprimeideas.es\/en\/wp-json\/wp\/v2\/comments?post=40514"}],"version-history":[{"count":1,"href":"https:\/\/imprimeideas.es\/en\/wp-json\/wp\/v2\/product\/40514\/revisions"}],"predecessor-version":[{"id":54480,"href":"https:\/\/imprimeideas.es\/en\/wp-json\/wp\/v2\/product\/40514\/revisions\/54480"}],"wp:featuredmedia":[{"embeddable":true,"href":"https:\/\/imprimeideas.es\/en\/wp-json\/wp\/v2\/media\/77156"}],"wp:attachment":[{"href":"https:\/\/imprimeideas.es\/en\/wp-json\/wp\/v2\/media?parent=40514"}],"wp:term":[{"taxonomy":"product_brand","embeddable":true,"href":"https:\/\/imprimeideas.es\/en\/wp-json\/wp\/v2\/product_brand?post=40514"},{"taxonomy":"product_cat","embeddable":true,"href":"https:\/\/imprimeideas.es\/en\/wp-json\/wp\/v2\/product_cat?post=40514"},{"taxonomy":"product_tag","embeddable":true,"href":"https:\/\/imprimeideas.es\/en\/wp-json\/wp\/v2\/product_tag?post=40514"}],"curies":[{"name":"wp","href":"https:\/\/api.w.org\/{rel}","templated":true}]}}