{"id":40489,"date":"2026-02-24T11:23:04","date_gmt":"2026-02-24T10:23:04","guid":{"rendered":"https:\/\/imprimeideas.es\/?post_type=product&p=40489"},"modified":"2026-02-26T18:23:26","modified_gmt":"2026-02-26T17:23:26","slug":"gorra-nino-rick","status":"publish","type":"product","link":"https:\/\/imprimeideas.es\/en\/product\/gorra-nino-rick\/","title":{"rendered":"Gorra Ni\u00f1o Rick"},"content":{"rendered":"<p>Gorra de ni\u00f1o de 5 paneles fabricada en resistente poli\u00e9ster RPET, de suave acabado y con cierre ajustable de velcro. Con orificios de ventilaci\u00f3n bordados y disponible en variada gama de colores. Color blanco especial para marcaje en sublimaci\u00f3n.El material RPET se elabora a partir de pl\u00e1stico reciclado, para as\u00ed fomentar la reutilizaci\u00f3n de residuos pl\u00e1sticos y ayudar a la sostenibilidad del planeta.<\/p>","protected":false},"excerpt":{"rendered":"<p>5 Paneles. Cierre Velcro<\/p>","protected":false},"featured_media":85856,"comment_status":"open","ping_status":"open","template":"","meta":{"inline_featured_image":false},"product_brand":[],"product_cat":[122,112,108],"product_tag":[],"class_list":{"0":"post-40489","1":"product","2":"type-product","3":"status-publish","4":"has-post-thumbnail","6":"product_cat-articulos-sostenibles","7":"product_cat-gorras-y-sombreros","8":"product_cat-infantil","10":"first","11":"instock","12":"taxable","13":"shipping-taxable","14":"purchasable","15":"product-type-variable","16":"has-default-attributes"},"aioseo_notices":[],"_links":{"self":[{"href":"https:\/\/imprimeideas.es\/en\/wp-json\/wp\/v2\/product\/40489","targetHints":{"allow":["GET"]}}],"collection":[{"href":"https:\/\/imprimeideas.es\/en\/wp-json\/wp\/v2\/product"}],"about":[{"href":"https:\/\/imprimeideas.es\/en\/wp-json\/wp\/v2\/types\/product"}],"replies":[{"embeddable":true,"href":"https:\/\/imprimeideas.es\/en\/wp-json\/wp\/v2\/comments?post=40489"}],"version-history":[{"count":1,"href":"https:\/\/imprimeideas.es\/en\/wp-json\/wp\/v2\/product\/40489\/revisions"}],"predecessor-version":[{"id":54476,"href":"https:\/\/imprimeideas.es\/en\/wp-json\/wp\/v2\/product\/40489\/revisions\/54476"}],"wp:featuredmedia":[{"embeddable":true,"href":"https:\/\/imprimeideas.es\/en\/wp-json\/wp\/v2\/media\/85856"}],"wp:attachment":[{"href":"https:\/\/imprimeideas.es\/en\/wp-json\/wp\/v2\/media?parent=40489"}],"wp:term":[{"taxonomy":"product_brand","embeddable":true,"href":"https:\/\/imprimeideas.es\/en\/wp-json\/wp\/v2\/product_brand?post=40489"},{"taxonomy":"product_cat","embeddable":true,"href":"https:\/\/imprimeideas.es\/en\/wp-json\/wp\/v2\/product_cat?post=40489"},{"taxonomy":"product_tag","embeddable":true,"href":"https:\/\/imprimeideas.es\/en\/wp-json\/wp\/v2\/product_tag?post=40489"}],"curies":[{"name":"wp","href":"https:\/\/api.w.org\/{rel}","templated":true}]}}