{"id":40479,"date":"2026-02-24T11:23:02","date_gmt":"2026-02-24T10:23:02","guid":{"rendered":"https:\/\/imprimeideas.es\/?post_type=product&p=40479"},"modified":"2026-02-26T18:32:49","modified_gmt":"2026-02-26T17:32:49","slug":"gorra-klarke","status":"publish","type":"product","link":"https:\/\/imprimeideas.es\/en\/product\/gorra-klarke\/","title":{"rendered":"Gorra Klarke"},"content":{"rendered":"<p>Gorra cerrada de 6 paneles de alta calidad y estilo original, fabricada en resistente combinaci\u00f3n de algod\u00f3n peinado y spandex. Con c\u00f3moda cinta interior el\u00e1stica de suave ajuste en la cabeza y orificios de ventilaci\u00f3n bordados. Disponible en variada gama de colores y en tallas S-M L-XL.<\/p>","protected":false},"excerpt":{"rendered":"<p>6 Paneles. Ajustable El\u00e1stico<\/p>","protected":false},"featured_media":75210,"comment_status":"open","ping_status":"open","template":"","meta":{"inline_featured_image":false},"product_brand":[],"product_cat":[112],"product_tag":[],"class_list":{"0":"post-40479","1":"product","2":"type-product","3":"status-publish","4":"has-post-thumbnail","6":"product_cat-gorras-y-sombreros","8":"first","9":"instock","10":"taxable","11":"shipping-taxable","12":"purchasable","13":"product-type-variable","14":"has-default-attributes"},"aioseo_notices":[],"_links":{"self":[{"href":"https:\/\/imprimeideas.es\/en\/wp-json\/wp\/v2\/product\/40479","targetHints":{"allow":["GET"]}}],"collection":[{"href":"https:\/\/imprimeideas.es\/en\/wp-json\/wp\/v2\/product"}],"about":[{"href":"https:\/\/imprimeideas.es\/en\/wp-json\/wp\/v2\/types\/product"}],"replies":[{"embeddable":true,"href":"https:\/\/imprimeideas.es\/en\/wp-json\/wp\/v2\/comments?post=40479"}],"version-history":[{"count":1,"href":"https:\/\/imprimeideas.es\/en\/wp-json\/wp\/v2\/product\/40479\/revisions"}],"predecessor-version":[{"id":54475,"href":"https:\/\/imprimeideas.es\/en\/wp-json\/wp\/v2\/product\/40479\/revisions\/54475"}],"wp:featuredmedia":[{"embeddable":true,"href":"https:\/\/imprimeideas.es\/en\/wp-json\/wp\/v2\/media\/75210"}],"wp:attachment":[{"href":"https:\/\/imprimeideas.es\/en\/wp-json\/wp\/v2\/media?parent=40479"}],"wp:term":[{"taxonomy":"product_brand","embeddable":true,"href":"https:\/\/imprimeideas.es\/en\/wp-json\/wp\/v2\/product_brand?post=40479"},{"taxonomy":"product_cat","embeddable":true,"href":"https:\/\/imprimeideas.es\/en\/wp-json\/wp\/v2\/product_cat?post=40479"},{"taxonomy":"product_tag","embeddable":true,"href":"https:\/\/imprimeideas.es\/en\/wp-json\/wp\/v2\/product_tag?post=40479"}],"curies":[{"name":"wp","href":"https:\/\/api.w.org\/{rel}","templated":true}]}}