{"id":40440,"date":"2026-02-24T11:22:28","date_gmt":"2026-02-24T10:22:28","guid":{"rendered":"https:\/\/imprimeideas.es\/?post_type=product&p=40440"},"modified":"2026-02-26T18:19:24","modified_gmt":"2026-02-26T17:19:24","slug":"set-herramientas-teigel","status":"publish","type":"product","link":"https:\/\/imprimeideas.es\/en\/product\/set-herramientas-teigel\/","title":{"rendered":"Set Herramientas Teigel"},"content":{"rendered":"<p>Original set de herramientas con luz y 30 accesorios. Presentado en resistente caja de ABS negra con cierre. L\u00e1mpara plegable integrada la caja, con 24 LEDs y bot\u00f3n ON\/OFF. Incluye destornillador con multitud de puntas planas, philips, torx? Con kit de destornilladores de precisi\u00f3n llaves de tubo y llaves allen en distintas medidas cutter y flex\u00f3metro 1m. Lampar\u00e1 con alimentaci\u00f3n a pilas (3xAA no incluidas). Presentado en caja individual de dise\u00f1o kraft.<\/p>","protected":false},"excerpt":{"rendered":"<p>24 Ledes. Intensidad de Luz Regulable. 30 Accesorios. 3 Pilas AA No Incluidas<\/p>","protected":false},"featured_media":72063,"comment_status":"open","ping_status":"open","template":"","meta":{"inline_featured_image":false},"product_brand":[],"product_cat":[110],"product_tag":[],"class_list":{"0":"post-40440","1":"product","2":"type-product","3":"status-publish","4":"has-post-thumbnail","6":"product_cat-herramientas-brico-y-automovil","8":"first","9":"outofstock","10":"taxable","11":"shipping-taxable","12":"purchasable","13":"product-type-variable","14":"has-default-attributes"},"aioseo_notices":[],"_links":{"self":[{"href":"https:\/\/imprimeideas.es\/en\/wp-json\/wp\/v2\/product\/40440","targetHints":{"allow":["GET"]}}],"collection":[{"href":"https:\/\/imprimeideas.es\/en\/wp-json\/wp\/v2\/product"}],"about":[{"href":"https:\/\/imprimeideas.es\/en\/wp-json\/wp\/v2\/types\/product"}],"replies":[{"embeddable":true,"href":"https:\/\/imprimeideas.es\/en\/wp-json\/wp\/v2\/comments?post=40440"}],"version-history":[{"count":1,"href":"https:\/\/imprimeideas.es\/en\/wp-json\/wp\/v2\/product\/40440\/revisions"}],"predecessor-version":[{"id":54472,"href":"https:\/\/imprimeideas.es\/en\/wp-json\/wp\/v2\/product\/40440\/revisions\/54472"}],"wp:featuredmedia":[{"embeddable":true,"href":"https:\/\/imprimeideas.es\/en\/wp-json\/wp\/v2\/media\/72063"}],"wp:attachment":[{"href":"https:\/\/imprimeideas.es\/en\/wp-json\/wp\/v2\/media?parent=40440"}],"wp:term":[{"taxonomy":"product_brand","embeddable":true,"href":"https:\/\/imprimeideas.es\/en\/wp-json\/wp\/v2\/product_brand?post=40440"},{"taxonomy":"product_cat","embeddable":true,"href":"https:\/\/imprimeideas.es\/en\/wp-json\/wp\/v2\/product_cat?post=40440"},{"taxonomy":"product_tag","embeddable":true,"href":"https:\/\/imprimeideas.es\/en\/wp-json\/wp\/v2\/product_tag?post=40440"}],"curies":[{"name":"wp","href":"https:\/\/api.w.org\/{rel}","templated":true}]}}