{"id":40435,"date":"2026-02-24T11:22:27","date_gmt":"2026-02-24T10:22:27","guid":{"rendered":"https:\/\/imprimeideas.es\/?post_type=product&p=40435"},"modified":"2026-02-26T18:32:50","modified_gmt":"2026-02-26T17:32:50","slug":"flauta-hamelin","status":"publish","type":"product","link":"https:\/\/imprimeideas.es\/en\/product\/flauta-hamelin\/","title":{"rendered":"Flauta Hamelin"},"content":{"rendered":"<p>Flauta de l\u00ednea nature fabricada en bamb\u00fa, favoreciendo el uso de materiales naturales y reduciendo as\u00ed las emisiones contaminantes. Cada flauta es \u00fanica y procede de cortes distintos, pudiendo existir variaciones de tama\u00f1o y di\u00e1metro.<\/p>","protected":false},"excerpt":{"rendered":"<p>Flauta de l\u00ednea nature fabricada en bamb\u00fa, favoreciendo el uso de materiales naturales y reduciendo as\u00ed las emisiones contaminantes. Cada<\/p>","protected":false},"featured_media":81298,"comment_status":"open","ping_status":"open","template":"","meta":{"inline_featured_image":false},"product_brand":[],"product_cat":[122,108],"product_tag":[],"class_list":{"0":"post-40435","1":"product","2":"type-product","3":"status-publish","4":"has-post-thumbnail","6":"product_cat-articulos-sostenibles","7":"product_cat-infantil","9":"first","10":"instock","11":"taxable","12":"shipping-taxable","13":"purchasable","14":"product-type-variable","15":"has-default-attributes"},"aioseo_notices":[],"_links":{"self":[{"href":"https:\/\/imprimeideas.es\/en\/wp-json\/wp\/v2\/product\/40435","targetHints":{"allow":["GET"]}}],"collection":[{"href":"https:\/\/imprimeideas.es\/en\/wp-json\/wp\/v2\/product"}],"about":[{"href":"https:\/\/imprimeideas.es\/en\/wp-json\/wp\/v2\/types\/product"}],"replies":[{"embeddable":true,"href":"https:\/\/imprimeideas.es\/en\/wp-json\/wp\/v2\/comments?post=40435"}],"version-history":[{"count":1,"href":"https:\/\/imprimeideas.es\/en\/wp-json\/wp\/v2\/product\/40435\/revisions"}],"predecessor-version":[{"id":54469,"href":"https:\/\/imprimeideas.es\/en\/wp-json\/wp\/v2\/product\/40435\/revisions\/54469"}],"wp:featuredmedia":[{"embeddable":true,"href":"https:\/\/imprimeideas.es\/en\/wp-json\/wp\/v2\/media\/81298"}],"wp:attachment":[{"href":"https:\/\/imprimeideas.es\/en\/wp-json\/wp\/v2\/media?parent=40435"}],"wp:term":[{"taxonomy":"product_brand","embeddable":true,"href":"https:\/\/imprimeideas.es\/en\/wp-json\/wp\/v2\/product_brand?post=40435"},{"taxonomy":"product_cat","embeddable":true,"href":"https:\/\/imprimeideas.es\/en\/wp-json\/wp\/v2\/product_cat?post=40435"},{"taxonomy":"product_tag","embeddable":true,"href":"https:\/\/imprimeideas.es\/en\/wp-json\/wp\/v2\/product_tag?post=40435"}],"curies":[{"name":"wp","href":"https:\/\/api.w.org\/{rel}","templated":true}]}}