{"id":40425,"date":"2026-02-24T11:22:26","date_gmt":"2026-02-24T10:22:26","guid":{"rendered":"https:\/\/imprimeideas.es\/?post_type=product&p=40425"},"modified":"2026-02-26T18:37:35","modified_gmt":"2026-02-26T17:37:35","slug":"peluche-sincler","status":"publish","type":"product","link":"https:\/\/imprimeideas.es\/en\/product\/peluche-sincler\/","title":{"rendered":"Peluche Sincler"},"content":{"rendered":"<p>Tierno y suave osito de peluche, disponible en tonos natural y marr\u00f3n. Con camiseta blanca extra\u00edble para f\u00e1cil marcaje.<\/p>","protected":false},"excerpt":{"rendered":"<p>Tierno y suave osito de peluche, disponible en tonos natural y marr\u00f3n. Con camiseta blanca extra\u00edble para f\u00e1cil marcaje.<\/p>","protected":false},"featured_media":77099,"comment_status":"open","ping_status":"open","template":"","meta":{"inline_featured_image":false},"product_brand":[],"product_cat":[108],"product_tag":[],"class_list":{"0":"post-40425","1":"product","2":"type-product","3":"status-publish","4":"has-post-thumbnail","6":"product_cat-infantil","8":"first","9":"instock","10":"taxable","11":"shipping-taxable","12":"purchasable","13":"product-type-variable","14":"has-default-attributes"},"aioseo_notices":[],"_links":{"self":[{"href":"https:\/\/imprimeideas.es\/en\/wp-json\/wp\/v2\/product\/40425","targetHints":{"allow":["GET"]}}],"collection":[{"href":"https:\/\/imprimeideas.es\/en\/wp-json\/wp\/v2\/product"}],"about":[{"href":"https:\/\/imprimeideas.es\/en\/wp-json\/wp\/v2\/types\/product"}],"replies":[{"embeddable":true,"href":"https:\/\/imprimeideas.es\/en\/wp-json\/wp\/v2\/comments?post=40425"}],"version-history":[{"count":1,"href":"https:\/\/imprimeideas.es\/en\/wp-json\/wp\/v2\/product\/40425\/revisions"}],"predecessor-version":[{"id":54465,"href":"https:\/\/imprimeideas.es\/en\/wp-json\/wp\/v2\/product\/40425\/revisions\/54465"}],"wp:featuredmedia":[{"embeddable":true,"href":"https:\/\/imprimeideas.es\/en\/wp-json\/wp\/v2\/media\/77099"}],"wp:attachment":[{"href":"https:\/\/imprimeideas.es\/en\/wp-json\/wp\/v2\/media?parent=40425"}],"wp:term":[{"taxonomy":"product_brand","embeddable":true,"href":"https:\/\/imprimeideas.es\/en\/wp-json\/wp\/v2\/product_brand?post=40425"},{"taxonomy":"product_cat","embeddable":true,"href":"https:\/\/imprimeideas.es\/en\/wp-json\/wp\/v2\/product_cat?post=40425"},{"taxonomy":"product_tag","embeddable":true,"href":"https:\/\/imprimeideas.es\/en\/wp-json\/wp\/v2\/product_tag?post=40425"}],"curies":[{"name":"wp","href":"https:\/\/api.w.org\/{rel}","templated":true}]}}