{"id":40405,"date":"2026-02-24T11:22:24","date_gmt":"2026-02-24T10:22:24","guid":{"rendered":"https:\/\/imprimeideas.es\/?post_type=product&p=40405"},"modified":"2026-02-26T18:23:17","modified_gmt":"2026-02-26T17:23:17","slug":"balon-darmon","status":"publish","type":"product","link":"https:\/\/imprimeideas.es\/en\/product\/balon-darmon\/","title":{"rendered":"Bal\u00f3n Darmon"},"content":{"rendered":"<p>Bal\u00f3n de playa inflable con dise\u00f1os frutales. Fabricado en resistente PVC y una mitad en transparente.<\/p>","protected":false},"excerpt":{"rendered":"<p>Medidas Desinflado: 37 cm. Inflado: 28 cm<\/p>","protected":false},"featured_media":64223,"comment_status":"open","ping_status":"open","template":"","meta":{"inline_featured_image":false},"product_brand":[],"product_cat":[114],"product_tag":[],"class_list":{"0":"post-40405","1":"product","2":"type-product","3":"status-publish","4":"has-post-thumbnail","6":"product_cat-verano-y-playa","8":"first","9":"instock","10":"taxable","11":"shipping-taxable","12":"purchasable","13":"product-type-variable","14":"has-default-attributes"},"aioseo_notices":[],"_links":{"self":[{"href":"https:\/\/imprimeideas.es\/en\/wp-json\/wp\/v2\/product\/40405","targetHints":{"allow":["GET"]}}],"collection":[{"href":"https:\/\/imprimeideas.es\/en\/wp-json\/wp\/v2\/product"}],"about":[{"href":"https:\/\/imprimeideas.es\/en\/wp-json\/wp\/v2\/types\/product"}],"replies":[{"embeddable":true,"href":"https:\/\/imprimeideas.es\/en\/wp-json\/wp\/v2\/comments?post=40405"}],"version-history":[{"count":1,"href":"https:\/\/imprimeideas.es\/en\/wp-json\/wp\/v2\/product\/40405\/revisions"}],"predecessor-version":[{"id":54457,"href":"https:\/\/imprimeideas.es\/en\/wp-json\/wp\/v2\/product\/40405\/revisions\/54457"}],"wp:featuredmedia":[{"embeddable":true,"href":"https:\/\/imprimeideas.es\/en\/wp-json\/wp\/v2\/media\/64223"}],"wp:attachment":[{"href":"https:\/\/imprimeideas.es\/en\/wp-json\/wp\/v2\/media?parent=40405"}],"wp:term":[{"taxonomy":"product_brand","embeddable":true,"href":"https:\/\/imprimeideas.es\/en\/wp-json\/wp\/v2\/product_brand?post=40405"},{"taxonomy":"product_cat","embeddable":true,"href":"https:\/\/imprimeideas.es\/en\/wp-json\/wp\/v2\/product_cat?post=40405"},{"taxonomy":"product_tag","embeddable":true,"href":"https:\/\/imprimeideas.es\/en\/wp-json\/wp\/v2\/product_tag?post=40405"}],"curies":[{"name":"wp","href":"https:\/\/api.w.org\/{rel}","templated":true}]}}