{"id":40402,"date":"2026-02-24T11:22:24","date_gmt":"2026-02-24T10:22:24","guid":{"rendered":"https:\/\/imprimeideas.es\/?post_type=product&p=40402"},"modified":"2026-02-26T18:19:36","modified_gmt":"2026-02-26T17:19:36","slug":"set-cocina-marduk","status":"publish","type":"product","link":"https:\/\/imprimeideas.es\/en\/product\/set-cocina-marduk\/","title":{"rendered":"Set Cocina Marduk"},"content":{"rendered":"<p>Set de cocina de 3 piezas presentado en funda marr\u00f3n con cord\u00f3n de cierre. Incluye: Esp\u00e1tula y brocha de silicona en tono natural, con mangos troquelados en resistente PP veteado. Agarrador en 100% alg\u00f3d\u00f3n de acabado natural, con cinta para colgar.<\/p>","protected":false},"excerpt":{"rendered":"<p>3 Piezas. Funda Non-Woven<\/p>","protected":false},"featured_media":84974,"comment_status":"open","ping_status":"open","template":"","meta":{"inline_featured_image":false},"product_brand":[],"product_cat":[104,108],"product_tag":[],"class_list":{"0":"post-40402","1":"product","2":"type-product","3":"status-publish","4":"has-post-thumbnail","6":"product_cat-hogar-y-decoracion","7":"product_cat-infantil","9":"first","10":"instock","11":"taxable","12":"shipping-taxable","13":"purchasable","14":"product-type-variable","15":"has-default-attributes"},"aioseo_notices":[],"_links":{"self":[{"href":"https:\/\/imprimeideas.es\/en\/wp-json\/wp\/v2\/product\/40402","targetHints":{"allow":["GET"]}}],"collection":[{"href":"https:\/\/imprimeideas.es\/en\/wp-json\/wp\/v2\/product"}],"about":[{"href":"https:\/\/imprimeideas.es\/en\/wp-json\/wp\/v2\/types\/product"}],"replies":[{"embeddable":true,"href":"https:\/\/imprimeideas.es\/en\/wp-json\/wp\/v2\/comments?post=40402"}],"version-history":[{"count":1,"href":"https:\/\/imprimeideas.es\/en\/wp-json\/wp\/v2\/product\/40402\/revisions"}],"predecessor-version":[{"id":54456,"href":"https:\/\/imprimeideas.es\/en\/wp-json\/wp\/v2\/product\/40402\/revisions\/54456"}],"wp:featuredmedia":[{"embeddable":true,"href":"https:\/\/imprimeideas.es\/en\/wp-json\/wp\/v2\/media\/84974"}],"wp:attachment":[{"href":"https:\/\/imprimeideas.es\/en\/wp-json\/wp\/v2\/media?parent=40402"}],"wp:term":[{"taxonomy":"product_brand","embeddable":true,"href":"https:\/\/imprimeideas.es\/en\/wp-json\/wp\/v2\/product_brand?post=40402"},{"taxonomy":"product_cat","embeddable":true,"href":"https:\/\/imprimeideas.es\/en\/wp-json\/wp\/v2\/product_cat?post=40402"},{"taxonomy":"product_tag","embeddable":true,"href":"https:\/\/imprimeideas.es\/en\/wp-json\/wp\/v2\/product_tag?post=40402"}],"curies":[{"name":"wp","href":"https:\/\/api.w.org\/{rel}","templated":true}]}}