{"id":40396,"date":"2026-02-24T11:22:23","date_gmt":"2026-02-24T10:22:23","guid":{"rendered":"https:\/\/imprimeideas.es\/?post_type=product&p=40396"},"modified":"2026-02-26T18:08:11","modified_gmt":"2026-02-26T17:08:11","slug":"palas-playa-pecter","status":"publish","type":"product","link":"https:\/\/imprimeideas.es\/en\/product\/palas-playa-pecter\/","title":{"rendered":"Palas Playa Pecter"},"content":{"rendered":"<p>Par de palas de playa con tableros integrados de ajedrez, damas y parch\u00eds. Fabricadas en madera, con mango recubierto en ca\u00f1a de trigo y pelota tambi\u00e9n en ca\u00f1a de trigo. Incluye figuras de ajedrez, fichas de damas, fichas de parch\u00eds y dados. Set presentado en mochila individual 100% algod\u00f3n con cuerdas de cierre a juego.La ca\u00f1a de trigo fomenta la utilizaci\u00f3n de materias primas naturales, reduciendo as\u00ed las emisiones contaminantes.<\/p>","protected":false},"excerpt":{"rendered":"<p>3 Juegos. Funda Algod\u00f3n<\/p>","protected":false},"featured_media":69380,"comment_status":"open","ping_status":"open","template":"","meta":{"inline_featured_image":false},"product_brand":[],"product_cat":[122,114],"product_tag":[],"class_list":{"0":"post-40396","1":"product","2":"type-product","3":"status-publish","4":"has-post-thumbnail","6":"product_cat-articulos-sostenibles","7":"product_cat-verano-y-playa","9":"first","10":"instock","11":"taxable","12":"shipping-taxable","13":"purchasable","14":"product-type-variable","15":"has-default-attributes"},"aioseo_notices":[],"_links":{"self":[{"href":"https:\/\/imprimeideas.es\/en\/wp-json\/wp\/v2\/product\/40396","targetHints":{"allow":["GET"]}}],"collection":[{"href":"https:\/\/imprimeideas.es\/en\/wp-json\/wp\/v2\/product"}],"about":[{"href":"https:\/\/imprimeideas.es\/en\/wp-json\/wp\/v2\/types\/product"}],"replies":[{"embeddable":true,"href":"https:\/\/imprimeideas.es\/en\/wp-json\/wp\/v2\/comments?post=40396"}],"version-history":[{"count":1,"href":"https:\/\/imprimeideas.es\/en\/wp-json\/wp\/v2\/product\/40396\/revisions"}],"predecessor-version":[{"id":54453,"href":"https:\/\/imprimeideas.es\/en\/wp-json\/wp\/v2\/product\/40396\/revisions\/54453"}],"wp:featuredmedia":[{"embeddable":true,"href":"https:\/\/imprimeideas.es\/en\/wp-json\/wp\/v2\/media\/69380"}],"wp:attachment":[{"href":"https:\/\/imprimeideas.es\/en\/wp-json\/wp\/v2\/media?parent=40396"}],"wp:term":[{"taxonomy":"product_brand","embeddable":true,"href":"https:\/\/imprimeideas.es\/en\/wp-json\/wp\/v2\/product_brand?post=40396"},{"taxonomy":"product_cat","embeddable":true,"href":"https:\/\/imprimeideas.es\/en\/wp-json\/wp\/v2\/product_cat?post=40396"},{"taxonomy":"product_tag","embeddable":true,"href":"https:\/\/imprimeideas.es\/en\/wp-json\/wp\/v2\/product_tag?post=40396"}],"curies":[{"name":"wp","href":"https:\/\/api.w.org\/{rel}","templated":true}]}}