{"id":40394,"date":"2026-02-24T11:22:23","date_gmt":"2026-02-24T10:22:23","guid":{"rendered":"https:\/\/imprimeideas.es\/?post_type=product&p=40394"},"modified":"2026-02-26T18:23:14","modified_gmt":"2026-02-26T17:23:14","slug":"juego-croak","status":"publish","type":"product","link":"https:\/\/imprimeideas.es\/en\/product\/juego-croak\/","title":{"rendered":"Juego Croak"},"content":{"rendered":"<p>Juego de pelota y palas de disco. Incluye pelota con ventosas y palas de disco lisas, fabricadas en resistente ca\u00f1a de trigo, con cinta el\u00e1stica para las manos a juego. La ca\u00f1a de trigo fomenta la utilizaci\u00f3n de materias primas naturales, reduciendo as\u00ed las emisiones contaminantes.<\/p>","protected":false},"excerpt":{"rendered":"<p>Juego de pelota y palas de disco. Incluye pelota con ventosas y palas de disco lisas, fabricadas en resistente ca\u00f1a<\/p>","protected":false},"featured_media":68623,"comment_status":"open","ping_status":"open","template":"","meta":{"inline_featured_image":false},"product_brand":[],"product_cat":[122,114],"product_tag":[],"class_list":{"0":"post-40394","1":"product","2":"type-product","3":"status-publish","4":"has-post-thumbnail","6":"product_cat-articulos-sostenibles","7":"product_cat-verano-y-playa","9":"first","10":"outofstock","11":"taxable","12":"shipping-taxable","13":"purchasable","14":"product-type-variable","15":"has-default-attributes"},"aioseo_notices":[],"_links":{"self":[{"href":"https:\/\/imprimeideas.es\/en\/wp-json\/wp\/v2\/product\/40394","targetHints":{"allow":["GET"]}}],"collection":[{"href":"https:\/\/imprimeideas.es\/en\/wp-json\/wp\/v2\/product"}],"about":[{"href":"https:\/\/imprimeideas.es\/en\/wp-json\/wp\/v2\/types\/product"}],"replies":[{"embeddable":true,"href":"https:\/\/imprimeideas.es\/en\/wp-json\/wp\/v2\/comments?post=40394"}],"version-history":[{"count":1,"href":"https:\/\/imprimeideas.es\/en\/wp-json\/wp\/v2\/product\/40394\/revisions"}],"predecessor-version":[{"id":54452,"href":"https:\/\/imprimeideas.es\/en\/wp-json\/wp\/v2\/product\/40394\/revisions\/54452"}],"wp:featuredmedia":[{"embeddable":true,"href":"https:\/\/imprimeideas.es\/en\/wp-json\/wp\/v2\/media\/68623"}],"wp:attachment":[{"href":"https:\/\/imprimeideas.es\/en\/wp-json\/wp\/v2\/media?parent=40394"}],"wp:term":[{"taxonomy":"product_brand","embeddable":true,"href":"https:\/\/imprimeideas.es\/en\/wp-json\/wp\/v2\/product_brand?post=40394"},{"taxonomy":"product_cat","embeddable":true,"href":"https:\/\/imprimeideas.es\/en\/wp-json\/wp\/v2\/product_cat?post=40394"},{"taxonomy":"product_tag","embeddable":true,"href":"https:\/\/imprimeideas.es\/en\/wp-json\/wp\/v2\/product_tag?post=40394"}],"curies":[{"name":"wp","href":"https:\/\/api.w.org\/{rel}","templated":true}]}}