{"id":40383,"date":"2026-02-24T11:22:22","date_gmt":"2026-02-24T10:22:22","guid":{"rendered":"https:\/\/imprimeideas.es\/?post_type=product&p=40383"},"modified":"2026-02-26T18:13:50","modified_gmt":"2026-02-26T17:13:50","slug":"toalla-mascotas-yelyn","status":"publish","type":"product","link":"https:\/\/imprimeideas.es\/en\/product\/toalla-mascotas-yelyn\/","title":{"rendered":"Toalla Mascotas Yelyn"},"content":{"rendered":"<p>Toalla para mascotas fabricada en resistente poli\u00e9ster de 160g\/m2. Medida 66 x 106 cm, con dos pr\u00e1cticos bolsillos para las manos, facilitando as\u00ed el secado de la mascota. Presentaci\u00f3n en funda individual de redecilla con cierre de cord\u00f3n y ajustador.<\/p>","protected":false},"excerpt":{"rendered":"<p>Funda Poli\u00e9ster<\/p>","protected":false},"featured_media":67368,"comment_status":"open","ping_status":"open","template":"","meta":{"inline_featured_image":false},"product_brand":[],"product_cat":[109],"product_tag":[],"class_list":{"0":"post-40383","1":"product","2":"type-product","3":"status-publish","4":"has-post-thumbnail","6":"product_cat-productos-para-mascotas","8":"first","9":"instock","10":"taxable","11":"shipping-taxable","12":"purchasable","13":"product-type-variable","14":"has-default-attributes"},"aioseo_notices":[],"_links":{"self":[{"href":"https:\/\/imprimeideas.es\/en\/wp-json\/wp\/v2\/product\/40383","targetHints":{"allow":["GET"]}}],"collection":[{"href":"https:\/\/imprimeideas.es\/en\/wp-json\/wp\/v2\/product"}],"about":[{"href":"https:\/\/imprimeideas.es\/en\/wp-json\/wp\/v2\/types\/product"}],"replies":[{"embeddable":true,"href":"https:\/\/imprimeideas.es\/en\/wp-json\/wp\/v2\/comments?post=40383"}],"version-history":[{"count":1,"href":"https:\/\/imprimeideas.es\/en\/wp-json\/wp\/v2\/product\/40383\/revisions"}],"predecessor-version":[{"id":54447,"href":"https:\/\/imprimeideas.es\/en\/wp-json\/wp\/v2\/product\/40383\/revisions\/54447"}],"wp:featuredmedia":[{"embeddable":true,"href":"https:\/\/imprimeideas.es\/en\/wp-json\/wp\/v2\/media\/67368"}],"wp:attachment":[{"href":"https:\/\/imprimeideas.es\/en\/wp-json\/wp\/v2\/media?parent=40383"}],"wp:term":[{"taxonomy":"product_brand","embeddable":true,"href":"https:\/\/imprimeideas.es\/en\/wp-json\/wp\/v2\/product_brand?post=40383"},{"taxonomy":"product_cat","embeddable":true,"href":"https:\/\/imprimeideas.es\/en\/wp-json\/wp\/v2\/product_cat?post=40383"},{"taxonomy":"product_tag","embeddable":true,"href":"https:\/\/imprimeideas.es\/en\/wp-json\/wp\/v2\/product_tag?post=40383"}],"curies":[{"name":"wp","href":"https:\/\/api.w.org\/{rel}","templated":true}]}}