{"id":40371,"date":"2026-02-24T11:22:21","date_gmt":"2026-02-24T10:22:21","guid":{"rendered":"https:\/\/imprimeideas.es\/?post_type=product&p=40371"},"modified":"2026-02-26T18:32:49","modified_gmt":"2026-02-26T17:32:49","slug":"comedero-pajaro-xilam","status":"publish","type":"product","link":"https:\/\/imprimeideas.es\/en\/product\/comedero-pajaro-xilam\/","title":{"rendered":"Comedero P\u00e1jaro Xilam"},"content":{"rendered":"<p>Comedero colgante para p\u00e1jaro. Con dos recipientes fabricados en fibra de bamb\u00fa (medidas 15 x 4 cm cada uno) y resistente cuerda de algod\u00f3n natural. Presentaci\u00f3n en caja individual de dise\u00f1o kraft.<\/p>","protected":false},"excerpt":{"rendered":"<p>Comedero colgante para p\u00e1jaro. Con dos recipientes fabricados en fibra de bamb\u00fa (medidas 15 x 4 cm cada uno) y<\/p>","protected":false},"featured_media":69041,"comment_status":"open","ping_status":"open","template":"","meta":{"inline_featured_image":false},"product_brand":[],"product_cat":[122,109],"product_tag":[],"class_list":{"0":"post-40371","1":"product","2":"type-product","3":"status-publish","4":"has-post-thumbnail","6":"product_cat-articulos-sostenibles","7":"product_cat-productos-para-mascotas","9":"first","10":"instock","11":"taxable","12":"shipping-taxable","13":"purchasable","14":"product-type-variable","15":"has-default-attributes"},"aioseo_notices":[],"_links":{"self":[{"href":"https:\/\/imprimeideas.es\/en\/wp-json\/wp\/v2\/product\/40371","targetHints":{"allow":["GET"]}}],"collection":[{"href":"https:\/\/imprimeideas.es\/en\/wp-json\/wp\/v2\/product"}],"about":[{"href":"https:\/\/imprimeideas.es\/en\/wp-json\/wp\/v2\/types\/product"}],"replies":[{"embeddable":true,"href":"https:\/\/imprimeideas.es\/en\/wp-json\/wp\/v2\/comments?post=40371"}],"version-history":[{"count":1,"href":"https:\/\/imprimeideas.es\/en\/wp-json\/wp\/v2\/product\/40371\/revisions"}],"predecessor-version":[{"id":54443,"href":"https:\/\/imprimeideas.es\/en\/wp-json\/wp\/v2\/product\/40371\/revisions\/54443"}],"wp:featuredmedia":[{"embeddable":true,"href":"https:\/\/imprimeideas.es\/en\/wp-json\/wp\/v2\/media\/69041"}],"wp:attachment":[{"href":"https:\/\/imprimeideas.es\/en\/wp-json\/wp\/v2\/media?parent=40371"}],"wp:term":[{"taxonomy":"product_brand","embeddable":true,"href":"https:\/\/imprimeideas.es\/en\/wp-json\/wp\/v2\/product_brand?post=40371"},{"taxonomy":"product_cat","embeddable":true,"href":"https:\/\/imprimeideas.es\/en\/wp-json\/wp\/v2\/product_cat?post=40371"},{"taxonomy":"product_tag","embeddable":true,"href":"https:\/\/imprimeideas.es\/en\/wp-json\/wp\/v2\/product_tag?post=40371"}],"curies":[{"name":"wp","href":"https:\/\/api.w.org\/{rel}","templated":true}]}}