{"id":40347,"date":"2026-02-24T11:22:19","date_gmt":"2026-02-24T10:22:19","guid":{"rendered":"https:\/\/imprimeideas.es\/?post_type=product&p=40347"},"modified":"2026-02-26T18:19:09","modified_gmt":"2026-02-26T17:19:09","slug":"mosqueton-galinex","status":"publish","type":"product","link":"https:\/\/imprimeideas.es\/en\/product\/mosqueton-galinex\/","title":{"rendered":"Mosquet\u00f3n Galinex"},"content":{"rendered":"<p>Mosquet\u00f3n en aluminio reciclado de acabado plateado. Con anilla llavero met\u00e1lica a juego y distintivo aluminio reciclado.El aluminio reciclado es un material con posibilidades de reciclaje casi infinitas, sin perder sus propiedades originales y consumiendo menos energ\u00eda en este proceso.<\/p>","protected":false},"excerpt":{"rendered":"<p>roller<\/p>","protected":false},"featured_media":77476,"comment_status":"open","ping_status":"open","template":"","meta":{"inline_featured_image":false},"product_brand":[],"product_cat":[122,106],"product_tag":[],"class_list":{"0":"post-40347","1":"product","2":"type-product","3":"status-publish","4":"has-post-thumbnail","6":"product_cat-articulos-sostenibles","7":"product_cat-regalos-y-premiums","9":"first","10":"instock","11":"taxable","12":"shipping-taxable","13":"purchasable","14":"product-type-variable","15":"has-default-attributes"},"aioseo_notices":[],"_links":{"self":[{"href":"https:\/\/imprimeideas.es\/en\/wp-json\/wp\/v2\/product\/40347","targetHints":{"allow":["GET"]}}],"collection":[{"href":"https:\/\/imprimeideas.es\/en\/wp-json\/wp\/v2\/product"}],"about":[{"href":"https:\/\/imprimeideas.es\/en\/wp-json\/wp\/v2\/types\/product"}],"replies":[{"embeddable":true,"href":"https:\/\/imprimeideas.es\/en\/wp-json\/wp\/v2\/comments?post=40347"}],"version-history":[{"count":1,"href":"https:\/\/imprimeideas.es\/en\/wp-json\/wp\/v2\/product\/40347\/revisions"}],"predecessor-version":[{"id":54335,"href":"https:\/\/imprimeideas.es\/en\/wp-json\/wp\/v2\/product\/40347\/revisions\/54335"}],"wp:featuredmedia":[{"embeddable":true,"href":"https:\/\/imprimeideas.es\/en\/wp-json\/wp\/v2\/media\/77476"}],"wp:attachment":[{"href":"https:\/\/imprimeideas.es\/en\/wp-json\/wp\/v2\/media?parent=40347"}],"wp:term":[{"taxonomy":"product_brand","embeddable":true,"href":"https:\/\/imprimeideas.es\/en\/wp-json\/wp\/v2\/product_brand?post=40347"},{"taxonomy":"product_cat","embeddable":true,"href":"https:\/\/imprimeideas.es\/en\/wp-json\/wp\/v2\/product_cat?post=40347"},{"taxonomy":"product_tag","embeddable":true,"href":"https:\/\/imprimeideas.es\/en\/wp-json\/wp\/v2\/product_tag?post=40347"}],"curies":[{"name":"wp","href":"https:\/\/api.w.org\/{rel}","templated":true}]}}