{"id":40341,"date":"2026-02-24T11:22:18","date_gmt":"2026-02-24T10:22:18","guid":{"rendered":"https:\/\/imprimeideas.es\/?post_type=product&p=40341"},"modified":"2026-02-26T18:19:27","modified_gmt":"2026-02-26T17:19:27","slug":"reloj-inteligente-dant","status":"publish","type":"product","link":"https:\/\/imprimeideas.es\/en\/product\/reloj-inteligente-dant\/","title":{"rendered":"Reloj Inteligente Dant"},"content":{"rendered":"<p>Reloj inteligente multifunci\u00f3n de dise\u00f1o casual, con conexi\u00f3n Bluetooth. Caja de dise\u00f1o circular y correa en acero inox a juego. Pantalla TFT t\u00e1ctil de 1,32 pulgadas y bater\u00eda de 230 mAh, que lo convierten en el gadget perfecto para todo tipo de actividades deportivas, de ocio y para el d\u00eda a d\u00eda. Multitud de funciones disponibles, interfaz multilenguaje y resistente a salpicaduras de agua, con APP disponible para iOS y Android. Presentado en caja individual de dise\u00f1o, con manual de instrucciones en espa\u00f1ol e ingl\u00e9s.<\/p>","protected":false},"excerpt":{"rendered":"<p>Conexi\u00f3n Bluetooth. Pantalla TFT 1,32&#8243;. Bater\u00eda 230 mAh<\/p>","protected":false},"featured_media":79291,"comment_status":"open","ping_status":"open","template":"","meta":{"inline_featured_image":false},"product_brand":[],"product_cat":[95],"product_tag":[],"class_list":{"0":"post-40341","1":"product","2":"type-product","3":"status-publish","4":"has-post-thumbnail","6":"product_cat-tecnologia-y-accesorios","8":"first","9":"outofstock","10":"taxable","11":"shipping-taxable","12":"purchasable","13":"product-type-variable","14":"has-default-attributes"},"aioseo_notices":[],"_links":{"self":[{"href":"https:\/\/imprimeideas.es\/en\/wp-json\/wp\/v2\/product\/40341","targetHints":{"allow":["GET"]}}],"collection":[{"href":"https:\/\/imprimeideas.es\/en\/wp-json\/wp\/v2\/product"}],"about":[{"href":"https:\/\/imprimeideas.es\/en\/wp-json\/wp\/v2\/types\/product"}],"replies":[{"embeddable":true,"href":"https:\/\/imprimeideas.es\/en\/wp-json\/wp\/v2\/comments?post=40341"}],"version-history":[{"count":1,"href":"https:\/\/imprimeideas.es\/en\/wp-json\/wp\/v2\/product\/40341\/revisions"}],"predecessor-version":[{"id":54309,"href":"https:\/\/imprimeideas.es\/en\/wp-json\/wp\/v2\/product\/40341\/revisions\/54309"}],"wp:featuredmedia":[{"embeddable":true,"href":"https:\/\/imprimeideas.es\/en\/wp-json\/wp\/v2\/media\/79291"}],"wp:attachment":[{"href":"https:\/\/imprimeideas.es\/en\/wp-json\/wp\/v2\/media?parent=40341"}],"wp:term":[{"taxonomy":"product_brand","embeddable":true,"href":"https:\/\/imprimeideas.es\/en\/wp-json\/wp\/v2\/product_brand?post=40341"},{"taxonomy":"product_cat","embeddable":true,"href":"https:\/\/imprimeideas.es\/en\/wp-json\/wp\/v2\/product_cat?post=40341"},{"taxonomy":"product_tag","embeddable":true,"href":"https:\/\/imprimeideas.es\/en\/wp-json\/wp\/v2\/product_tag?post=40341"}],"curies":[{"name":"wp","href":"https:\/\/api.w.org\/{rel}","templated":true}]}}