{"id":40336,"date":"2026-02-24T11:22:18","date_gmt":"2026-02-24T10:22:18","guid":{"rendered":"https:\/\/imprimeideas.es\/?post_type=product&p=40336"},"modified":"2026-02-26T18:08:18","modified_gmt":"2026-02-26T17:08:18","slug":"flexometro-abridor-liam-1m","status":"publish","type":"product","link":"https:\/\/imprimeideas.es\/en\/product\/flexometro-abridor-liam-1m\/","title":{"rendered":"Flex\u00f3metro Abridor Liam 1m"},"content":{"rendered":"<p>Flex\u00f3metro 1 m en resistente ABS blanco, con abridor met\u00e1lico integrado en cuerpo. Con amplia superficie de marcaje y anilla met\u00e1lica cromada. Hoja con medidas en cent\u00edmetros y pulgadas<\/p>","protected":false},"excerpt":{"rendered":"<p>Flex\u00f3metro 1 m en resistente ABS blanco, con abridor met\u00e1lico integrado en cuerpo. Con amplia superficie de marcaje y anilla<\/p>","protected":false},"featured_media":71079,"comment_status":"open","ping_status":"open","template":"","meta":{"inline_featured_image":false},"product_brand":[],"product_cat":[110],"product_tag":[],"class_list":{"0":"post-40336","1":"product","2":"type-product","3":"status-publish","4":"has-post-thumbnail","6":"product_cat-herramientas-brico-y-automovil","8":"first","9":"outofstock","10":"taxable","11":"shipping-taxable","12":"purchasable","13":"product-type-variable","14":"has-default-attributes"},"aioseo_notices":[],"_links":{"self":[{"href":"https:\/\/imprimeideas.es\/en\/wp-json\/wp\/v2\/product\/40336","targetHints":{"allow":["GET"]}}],"collection":[{"href":"https:\/\/imprimeideas.es\/en\/wp-json\/wp\/v2\/product"}],"about":[{"href":"https:\/\/imprimeideas.es\/en\/wp-json\/wp\/v2\/types\/product"}],"replies":[{"embeddable":true,"href":"https:\/\/imprimeideas.es\/en\/wp-json\/wp\/v2\/comments?post=40336"}],"version-history":[{"count":1,"href":"https:\/\/imprimeideas.es\/en\/wp-json\/wp\/v2\/product\/40336\/revisions"}],"predecessor-version":[{"id":54307,"href":"https:\/\/imprimeideas.es\/en\/wp-json\/wp\/v2\/product\/40336\/revisions\/54307"}],"wp:featuredmedia":[{"embeddable":true,"href":"https:\/\/imprimeideas.es\/en\/wp-json\/wp\/v2\/media\/71079"}],"wp:attachment":[{"href":"https:\/\/imprimeideas.es\/en\/wp-json\/wp\/v2\/media?parent=40336"}],"wp:term":[{"taxonomy":"product_brand","embeddable":true,"href":"https:\/\/imprimeideas.es\/en\/wp-json\/wp\/v2\/product_brand?post=40336"},{"taxonomy":"product_cat","embeddable":true,"href":"https:\/\/imprimeideas.es\/en\/wp-json\/wp\/v2\/product_cat?post=40336"},{"taxonomy":"product_tag","embeddable":true,"href":"https:\/\/imprimeideas.es\/en\/wp-json\/wp\/v2\/product_tag?post=40336"}],"curies":[{"name":"wp","href":"https:\/\/api.w.org\/{rel}","templated":true}]}}