{"id":40332,"date":"2026-02-24T11:22:18","date_gmt":"2026-02-24T10:22:18","guid":{"rendered":"https:\/\/imprimeideas.es\/?post_type=product&p=40332"},"modified":"2026-02-26T18:19:22","modified_gmt":"2026-02-26T17:19:22","slug":"eau-de-toilette-mujer-steclers","status":"publish","type":"product","link":"https:\/\/imprimeideas.es\/en\/product\/eau-de-toilette-mujer-steclers\/","title":{"rendered":"Eau de Toilette Mujer Steclers"},"content":{"rendered":"<p>Eau de toilette para mujer Pure. Una mezcla perfecta de notas dulces que resaltan la silueta moderna de la composici\u00f3n y aportan un toque envolvente. En spray de 20 ml rellenable y con tap\u00f3n transparente. Presentado en caja de dise\u00f1o premium.<\/p>","protected":false},"excerpt":{"rendered":"<p>20 ml. Rellenable<\/p>","protected":false},"featured_media":75262,"comment_status":"open","ping_status":"open","template":"","meta":{"inline_featured_image":false},"product_brand":[],"product_cat":[107,123,106],"product_tag":[],"class_list":{"0":"post-40332","1":"product","2":"type-product","3":"status-publish","4":"has-post-thumbnail","6":"product_cat-cuidado-personal-y-pharma","7":"product_cat-made-in-europe","8":"product_cat-regalos-y-premiums","10":"first","11":"instock","12":"taxable","13":"shipping-taxable","14":"purchasable","15":"product-type-variable","16":"has-default-attributes"},"aioseo_notices":[],"_links":{"self":[{"href":"https:\/\/imprimeideas.es\/en\/wp-json\/wp\/v2\/product\/40332","targetHints":{"allow":["GET"]}}],"collection":[{"href":"https:\/\/imprimeideas.es\/en\/wp-json\/wp\/v2\/product"}],"about":[{"href":"https:\/\/imprimeideas.es\/en\/wp-json\/wp\/v2\/types\/product"}],"replies":[{"embeddable":true,"href":"https:\/\/imprimeideas.es\/en\/wp-json\/wp\/v2\/comments?post=40332"}],"version-history":[{"count":1,"href":"https:\/\/imprimeideas.es\/en\/wp-json\/wp\/v2\/product\/40332\/revisions"}],"predecessor-version":[{"id":58790,"href":"https:\/\/imprimeideas.es\/en\/wp-json\/wp\/v2\/product\/40332\/revisions\/58790"}],"wp:featuredmedia":[{"embeddable":true,"href":"https:\/\/imprimeideas.es\/en\/wp-json\/wp\/v2\/media\/75262"}],"wp:attachment":[{"href":"https:\/\/imprimeideas.es\/en\/wp-json\/wp\/v2\/media?parent=40332"}],"wp:term":[{"taxonomy":"product_brand","embeddable":true,"href":"https:\/\/imprimeideas.es\/en\/wp-json\/wp\/v2\/product_brand?post=40332"},{"taxonomy":"product_cat","embeddable":true,"href":"https:\/\/imprimeideas.es\/en\/wp-json\/wp\/v2\/product_cat?post=40332"},{"taxonomy":"product_tag","embeddable":true,"href":"https:\/\/imprimeideas.es\/en\/wp-json\/wp\/v2\/product_tag?post=40332"}],"curies":[{"name":"wp","href":"https:\/\/api.w.org\/{rel}","templated":true}]}}