{"id":40325,"date":"2026-02-24T11:22:17","date_gmt":"2026-02-24T10:22:17","guid":{"rendered":"https:\/\/imprimeideas.es\/?post_type=product&p=40325"},"modified":"2026-02-26T18:19:37","modified_gmt":"2026-02-26T17:19:37","slug":"bidon-trakex","status":"publish","type":"product","link":"https:\/\/imprimeideas.es\/en\/product\/bidon-trakex\/","title":{"rendered":"Bid\u00f3n Trakex"},"content":{"rendered":"<p>Bid\u00f3n de 600 ml de capacidad en material trit\u00e1n resistente al calor y libre de BPA. Con tap\u00f3n a rosca dosificador de seguridad y disponible en variada gama de colores, con distintivo Made In Europe.<\/p>","protected":false},"excerpt":{"rendered":"<p>600 ml<\/p>","protected":false},"featured_media":75816,"comment_status":"open","ping_status":"open","template":"","meta":{"inline_featured_image":false},"product_brand":[],"product_cat":[123,97],"product_tag":[],"class_list":{"0":"post-40325","1":"product","2":"type-product","3":"status-publish","4":"has-post-thumbnail","6":"product_cat-made-in-europe","7":"product_cat-tazas-jarras-y-termos","9":"first","10":"instock","11":"taxable","12":"shipping-taxable","13":"purchasable","14":"product-type-variable","15":"has-default-attributes"},"aioseo_notices":[],"_links":{"self":[{"href":"https:\/\/imprimeideas.es\/en\/wp-json\/wp\/v2\/product\/40325","targetHints":{"allow":["GET"]}}],"collection":[{"href":"https:\/\/imprimeideas.es\/en\/wp-json\/wp\/v2\/product"}],"about":[{"href":"https:\/\/imprimeideas.es\/en\/wp-json\/wp\/v2\/types\/product"}],"replies":[{"embeddable":true,"href":"https:\/\/imprimeideas.es\/en\/wp-json\/wp\/v2\/comments?post=40325"}],"version-history":[{"count":1,"href":"https:\/\/imprimeideas.es\/en\/wp-json\/wp\/v2\/product\/40325\/revisions"}],"predecessor-version":[{"id":58787,"href":"https:\/\/imprimeideas.es\/en\/wp-json\/wp\/v2\/product\/40325\/revisions\/58787"}],"wp:featuredmedia":[{"embeddable":true,"href":"https:\/\/imprimeideas.es\/en\/wp-json\/wp\/v2\/media\/75816"}],"wp:attachment":[{"href":"https:\/\/imprimeideas.es\/en\/wp-json\/wp\/v2\/media?parent=40325"}],"wp:term":[{"taxonomy":"product_brand","embeddable":true,"href":"https:\/\/imprimeideas.es\/en\/wp-json\/wp\/v2\/product_brand?post=40325"},{"taxonomy":"product_cat","embeddable":true,"href":"https:\/\/imprimeideas.es\/en\/wp-json\/wp\/v2\/product_cat?post=40325"},{"taxonomy":"product_tag","embeddable":true,"href":"https:\/\/imprimeideas.es\/en\/wp-json\/wp\/v2\/product_tag?post=40325"}],"curies":[{"name":"wp","href":"https:\/\/api.w.org\/{rel}","templated":true}]}}