{"id":40321,"date":"2026-02-24T11:22:17","date_gmt":"2026-02-24T10:22:17","guid":{"rendered":"https:\/\/imprimeideas.es\/?post_type=product&p=40321"},"modified":"2026-04-09T19:01:56","modified_gmt":"2026-04-09T17:01:56","slug":"bidon-warlock","status":"publish","type":"product","link":"https:\/\/imprimeideas.es\/en\/product\/bidon-warlock\/","title":{"rendered":"Bid\u00f3n Warlock"},"content":{"rendered":"<p>Botella de 550 ml de capacidad en material trit\u00e1n, resistente al calor y libre de BPA. Con tap\u00f3n a rosca de seguridad y disponible en variada gama de colores, con distintivo Made In Europe.<\/p>","protected":false},"excerpt":{"rendered":"<p>550 ml<\/p>","protected":false},"featured_media":82049,"comment_status":"open","ping_status":"open","template":"","meta":{"inline_featured_image":false},"product_brand":[],"product_cat":[123,97],"product_tag":[],"class_list":{"0":"post-40321","1":"product","2":"type-product","3":"status-publish","4":"has-post-thumbnail","6":"product_cat-made-in-europe","7":"product_cat-tazas-jarras-y-termos","9":"first","10":"instock","11":"taxable","12":"shipping-taxable","13":"purchasable","14":"product-type-variable","15":"has-default-attributes"},"aioseo_notices":[],"_links":{"self":[{"href":"https:\/\/imprimeideas.es\/en\/wp-json\/wp\/v2\/product\/40321","targetHints":{"allow":["GET"]}}],"collection":[{"href":"https:\/\/imprimeideas.es\/en\/wp-json\/wp\/v2\/product"}],"about":[{"href":"https:\/\/imprimeideas.es\/en\/wp-json\/wp\/v2\/types\/product"}],"replies":[{"embeddable":true,"href":"https:\/\/imprimeideas.es\/en\/wp-json\/wp\/v2\/comments?post=40321"}],"version-history":[{"count":1,"href":"https:\/\/imprimeideas.es\/en\/wp-json\/wp\/v2\/product\/40321\/revisions"}],"predecessor-version":[{"id":58786,"href":"https:\/\/imprimeideas.es\/en\/wp-json\/wp\/v2\/product\/40321\/revisions\/58786"}],"wp:featuredmedia":[{"embeddable":true,"href":"https:\/\/imprimeideas.es\/en\/wp-json\/wp\/v2\/media\/82049"}],"wp:attachment":[{"href":"https:\/\/imprimeideas.es\/en\/wp-json\/wp\/v2\/media?parent=40321"}],"wp:term":[{"taxonomy":"product_brand","embeddable":true,"href":"https:\/\/imprimeideas.es\/en\/wp-json\/wp\/v2\/product_brand?post=40321"},{"taxonomy":"product_cat","embeddable":true,"href":"https:\/\/imprimeideas.es\/en\/wp-json\/wp\/v2\/product_cat?post=40321"},{"taxonomy":"product_tag","embeddable":true,"href":"https:\/\/imprimeideas.es\/en\/wp-json\/wp\/v2\/product_tag?post=40321"}],"curies":[{"name":"wp","href":"https:\/\/api.w.org\/{rel}","templated":true}]}}