{"id":40310,"date":"2026-02-24T11:22:16","date_gmt":"2026-02-24T10:22:16","guid":{"rendered":"https:\/\/imprimeideas.es\/?post_type=product&p=40310"},"modified":"2026-02-26T18:42:28","modified_gmt":"2026-02-26T17:42:28","slug":"terrarium-anymak","status":"publish","type":"product","link":"https:\/\/imprimeideas.es\/en\/product\/terrarium-anymak\/","title":{"rendered":"Terrarium Anymak"},"content":{"rendered":"<p>Terrario con semillas de cactus. En perfecta combinaci\u00f3n entre dise\u00f1o y ecolog\u00eda, este jard\u00edn interior contiene todo lo necesario para cultivar de forma vertical. Fabricado en cristal de borosilicato, que ofrece una resistencia, est\u00e9tica y durabilidad excepcionales. Con tapa de corcho natural para f\u00e1cil marcaje y sustrato. Instrucciones de plantado y pinzas de bamb\u00fa incluidas, con distintivo Made In Europe.<\/p>","protected":false},"excerpt":{"rendered":"<p>Semillas de Cactus Incluidas<\/p>","protected":false},"featured_media":82275,"comment_status":"open","ping_status":"open","template":"","meta":{"inline_featured_image":false},"product_brand":[],"product_cat":[122,104,123,106],"product_tag":[],"class_list":{"0":"post-40310","1":"product","2":"type-product","3":"status-publish","4":"has-post-thumbnail","6":"product_cat-articulos-sostenibles","7":"product_cat-hogar-y-decoracion","8":"product_cat-made-in-europe","9":"product_cat-regalos-y-premiums","11":"first","12":"instock","13":"taxable","14":"shipping-taxable","15":"purchasable","16":"product-type-variable","17":"has-default-attributes"},"aioseo_notices":[],"_links":{"self":[{"href":"https:\/\/imprimeideas.es\/en\/wp-json\/wp\/v2\/product\/40310","targetHints":{"allow":["GET"]}}],"collection":[{"href":"https:\/\/imprimeideas.es\/en\/wp-json\/wp\/v2\/product"}],"about":[{"href":"https:\/\/imprimeideas.es\/en\/wp-json\/wp\/v2\/types\/product"}],"replies":[{"embeddable":true,"href":"https:\/\/imprimeideas.es\/en\/wp-json\/wp\/v2\/comments?post=40310"}],"version-history":[{"count":1,"href":"https:\/\/imprimeideas.es\/en\/wp-json\/wp\/v2\/product\/40310\/revisions"}],"predecessor-version":[{"id":58782,"href":"https:\/\/imprimeideas.es\/en\/wp-json\/wp\/v2\/product\/40310\/revisions\/58782"}],"wp:featuredmedia":[{"embeddable":true,"href":"https:\/\/imprimeideas.es\/en\/wp-json\/wp\/v2\/media\/82275"}],"wp:attachment":[{"href":"https:\/\/imprimeideas.es\/en\/wp-json\/wp\/v2\/media?parent=40310"}],"wp:term":[{"taxonomy":"product_brand","embeddable":true,"href":"https:\/\/imprimeideas.es\/en\/wp-json\/wp\/v2\/product_brand?post=40310"},{"taxonomy":"product_cat","embeddable":true,"href":"https:\/\/imprimeideas.es\/en\/wp-json\/wp\/v2\/product_cat?post=40310"},{"taxonomy":"product_tag","embeddable":true,"href":"https:\/\/imprimeideas.es\/en\/wp-json\/wp\/v2\/product_tag?post=40310"}],"curies":[{"name":"wp","href":"https:\/\/api.w.org\/{rel}","templated":true}]}}