{"id":40308,"date":"2026-02-24T11:22:15","date_gmt":"2026-02-24T10:22:15","guid":{"rendered":"https:\/\/imprimeideas.es\/?post_type=product&p=40308"},"modified":"2026-02-26T18:27:57","modified_gmt":"2026-02-26T17:27:57","slug":"maceta-halors","status":"publish","type":"product","link":"https:\/\/imprimeideas.es\/en\/product\/maceta-halors\/","title":{"rendered":"Maceta Halors"},"content":{"rendered":"<p>Maceta de l\u00ednea nature con semillas de capuchina. Presentada en sobre de papel reciclado de dise\u00f1o, con caja interior de 6 ceras para colorear en estuche de cart\u00f3n reciclado. Un gadget ecol\u00f3gico que combina el cuidado del medio ambiente con la diversi\u00f3n de colorear.<\/p>","protected":false},"excerpt":{"rendered":"<p>Semillas de Capuchina y 6 Ceras Incluidas<\/p>","protected":false},"featured_media":85086,"comment_status":"open","ping_status":"open","template":"","meta":{"inline_featured_image":false},"product_brand":[],"product_cat":[122,108,123,127,106],"product_tag":[],"class_list":{"0":"post-40308","1":"product","2":"type-product","3":"status-publish","4":"has-post-thumbnail","6":"product_cat-articulos-sostenibles","7":"product_cat-infantil","8":"product_cat-made-in-europe","9":"product_cat-navidad","10":"product_cat-regalos-y-premiums","12":"first","13":"instock","14":"taxable","15":"shipping-taxable","16":"purchasable","17":"product-type-variable","18":"has-default-attributes"},"aioseo_notices":[],"_links":{"self":[{"href":"https:\/\/imprimeideas.es\/en\/wp-json\/wp\/v2\/product\/40308","targetHints":{"allow":["GET"]}}],"collection":[{"href":"https:\/\/imprimeideas.es\/en\/wp-json\/wp\/v2\/product"}],"about":[{"href":"https:\/\/imprimeideas.es\/en\/wp-json\/wp\/v2\/types\/product"}],"replies":[{"embeddable":true,"href":"https:\/\/imprimeideas.es\/en\/wp-json\/wp\/v2\/comments?post=40308"}],"version-history":[{"count":1,"href":"https:\/\/imprimeideas.es\/en\/wp-json\/wp\/v2\/product\/40308\/revisions"}],"predecessor-version":[{"id":58781,"href":"https:\/\/imprimeideas.es\/en\/wp-json\/wp\/v2\/product\/40308\/revisions\/58781"}],"wp:featuredmedia":[{"embeddable":true,"href":"https:\/\/imprimeideas.es\/en\/wp-json\/wp\/v2\/media\/85086"}],"wp:attachment":[{"href":"https:\/\/imprimeideas.es\/en\/wp-json\/wp\/v2\/media?parent=40308"}],"wp:term":[{"taxonomy":"product_brand","embeddable":true,"href":"https:\/\/imprimeideas.es\/en\/wp-json\/wp\/v2\/product_brand?post=40308"},{"taxonomy":"product_cat","embeddable":true,"href":"https:\/\/imprimeideas.es\/en\/wp-json\/wp\/v2\/product_cat?post=40308"},{"taxonomy":"product_tag","embeddable":true,"href":"https:\/\/imprimeideas.es\/en\/wp-json\/wp\/v2\/product_tag?post=40308"}],"curies":[{"name":"wp","href":"https:\/\/api.w.org\/{rel}","templated":true}]}}