{"id":40301,"date":"2026-02-24T11:22:15","date_gmt":"2026-02-24T10:22:15","guid":{"rendered":"https:\/\/imprimeideas.es\/?post_type=product&p=40301"},"modified":"2026-02-26T18:13:50","modified_gmt":"2026-02-26T17:13:50","slug":"baston-tamdar","status":"publish","type":"product","link":"https:\/\/imprimeideas.es\/en\/product\/baston-tamdar\/","title":{"rendered":"Bast\u00f3n Tamdar"},"content":{"rendered":"<p>Cl\u00e1sico bast\u00f3n para caminar, fabricado en resistente y flexible madera natural. Con punta met\u00e1lica y distintivo Made In Europe.<\/p>","protected":false},"excerpt":{"rendered":"<p>Cl\u00e1sico bast\u00f3n para caminar, fabricado en resistente y flexible madera natural. Con punta met\u00e1lica y distintivo Made In Europe.<\/p>","protected":false},"featured_media":68228,"comment_status":"open","ping_status":"open","template":"","meta":{"inline_featured_image":false},"product_brand":[],"product_cat":[122,123,102],"product_tag":[],"class_list":{"0":"post-40301","1":"product","2":"type-product","3":"status-publish","4":"has-post-thumbnail","6":"product_cat-articulos-sostenibles","7":"product_cat-made-in-europe","8":"product_cat-ocio-y-tiempo-libre","10":"first","11":"outofstock","12":"taxable","13":"shipping-taxable","14":"purchasable","15":"product-type-variable","16":"has-default-attributes"},"aioseo_notices":[],"_links":{"self":[{"href":"https:\/\/imprimeideas.es\/en\/wp-json\/wp\/v2\/product\/40301","targetHints":{"allow":["GET"]}}],"collection":[{"href":"https:\/\/imprimeideas.es\/en\/wp-json\/wp\/v2\/product"}],"about":[{"href":"https:\/\/imprimeideas.es\/en\/wp-json\/wp\/v2\/types\/product"}],"replies":[{"embeddable":true,"href":"https:\/\/imprimeideas.es\/en\/wp-json\/wp\/v2\/comments?post=40301"}],"version-history":[{"count":1,"href":"https:\/\/imprimeideas.es\/en\/wp-json\/wp\/v2\/product\/40301\/revisions"}],"predecessor-version":[{"id":58778,"href":"https:\/\/imprimeideas.es\/en\/wp-json\/wp\/v2\/product\/40301\/revisions\/58778"}],"wp:featuredmedia":[{"embeddable":true,"href":"https:\/\/imprimeideas.es\/en\/wp-json\/wp\/v2\/media\/68228"}],"wp:attachment":[{"href":"https:\/\/imprimeideas.es\/en\/wp-json\/wp\/v2\/media?parent=40301"}],"wp:term":[{"taxonomy":"product_brand","embeddable":true,"href":"https:\/\/imprimeideas.es\/en\/wp-json\/wp\/v2\/product_brand?post=40301"},{"taxonomy":"product_cat","embeddable":true,"href":"https:\/\/imprimeideas.es\/en\/wp-json\/wp\/v2\/product_cat?post=40301"},{"taxonomy":"product_tag","embeddable":true,"href":"https:\/\/imprimeideas.es\/en\/wp-json\/wp\/v2\/product_tag?post=40301"}],"curies":[{"name":"wp","href":"https:\/\/api.w.org\/{rel}","templated":true}]}}