{"id":40285,"date":"2026-02-24T11:22:13","date_gmt":"2026-02-24T10:22:13","guid":{"rendered":"https:\/\/imprimeideas.es\/?post_type=product&p=40285"},"modified":"2026-02-25T19:52:15","modified_gmt":"2026-02-25T18:52:15","slug":"soporte-irise","status":"publish","type":"product","link":"https:\/\/imprimeideas.es\/en\/product\/soporte-irise\/","title":{"rendered":"Soporte Irise"},"content":{"rendered":"<p>Soporte para smartphone con dise\u00f1o \u00e1rbol de navidad, fabricado en madera natural y de original acabado bicolor. De f\u00e1cil montaje y con distintivo Made In Europe.<\/p>","protected":false},"excerpt":{"rendered":"<p>Soporte para smartphone con dise\u00f1o \u00e1rbol de navidad, fabricado en madera natural y de original acabado bicolor. De f\u00e1cil montaje<\/p>","protected":false},"featured_media":67789,"comment_status":"open","ping_status":"open","template":"","meta":{"inline_featured_image":false},"product_brand":[],"product_cat":[122,127],"product_tag":[],"class_list":{"0":"post-40285","1":"product","2":"type-product","3":"status-publish","4":"has-post-thumbnail","6":"product_cat-articulos-sostenibles","7":"product_cat-navidad","9":"first","10":"outofstock","11":"taxable","12":"shipping-taxable","13":"purchasable","14":"product-type-variable","15":"has-default-attributes"},"aioseo_notices":[],"_links":{"self":[{"href":"https:\/\/imprimeideas.es\/en\/wp-json\/wp\/v2\/product\/40285","targetHints":{"allow":["GET"]}}],"collection":[{"href":"https:\/\/imprimeideas.es\/en\/wp-json\/wp\/v2\/product"}],"about":[{"href":"https:\/\/imprimeideas.es\/en\/wp-json\/wp\/v2\/types\/product"}],"replies":[{"embeddable":true,"href":"https:\/\/imprimeideas.es\/en\/wp-json\/wp\/v2\/comments?post=40285"}],"version-history":[{"count":1,"href":"https:\/\/imprimeideas.es\/en\/wp-json\/wp\/v2\/product\/40285\/revisions"}],"predecessor-version":[{"id":58770,"href":"https:\/\/imprimeideas.es\/en\/wp-json\/wp\/v2\/product\/40285\/revisions\/58770"}],"wp:featuredmedia":[{"embeddable":true,"href":"https:\/\/imprimeideas.es\/en\/wp-json\/wp\/v2\/media\/67789"}],"wp:attachment":[{"href":"https:\/\/imprimeideas.es\/en\/wp-json\/wp\/v2\/media?parent=40285"}],"wp:term":[{"taxonomy":"product_brand","embeddable":true,"href":"https:\/\/imprimeideas.es\/en\/wp-json\/wp\/v2\/product_brand?post=40285"},{"taxonomy":"product_cat","embeddable":true,"href":"https:\/\/imprimeideas.es\/en\/wp-json\/wp\/v2\/product_cat?post=40285"},{"taxonomy":"product_tag","embeddable":true,"href":"https:\/\/imprimeideas.es\/en\/wp-json\/wp\/v2\/product_tag?post=40285"}],"curies":[{"name":"wp","href":"https:\/\/api.w.org\/{rel}","templated":true}]}}