{"id":40272,"date":"2026-02-24T11:22:12","date_gmt":"2026-02-24T10:22:12","guid":{"rendered":"https:\/\/imprimeideas.es\/?post_type=product&p=40272"},"modified":"2026-02-26T18:37:37","modified_gmt":"2026-02-26T17:37:37","slug":"caja-presentacion-jikory","status":"publish","type":"product","link":"https:\/\/imprimeideas.es\/en\/product\/caja-presentacion-jikory\/","title":{"rendered":"Caja Presentaci\u00f3n Jikory"},"content":{"rendered":"<p>Caja de presentaci\u00f3n especialmente dise\u00f1ada para tazas. Tama\u00f1o 12&#215;10,6&#215;9 cm y fabricada en cart\u00f3n reciclado corrugado de acabado kraft. En l\u00ednea con la tendencia del mercado hacia la sostenibilidad integral del regalo, ofreciendo soluciones de origen reciclado con el fin de ayudar a la mejora y conservaci\u00f3n de nuestro planeta.<\/p>","protected":false},"excerpt":{"rendered":"<p>Caja de presentaci\u00f3n especialmente dise\u00f1ada para tazas. Tama\u00f1o 12&#215;10,6&#215;9 cm y fabricada en cart\u00f3n reciclado corrugado de acabado kraft. En<\/p>","protected":false},"featured_media":83198,"comment_status":"open","ping_status":"open","template":"","meta":{"inline_featured_image":false},"product_brand":[],"product_cat":[122,287],"product_tag":[],"class_list":{"0":"post-40272","1":"product","2":"type-product","3":"status-publish","4":"has-post-thumbnail","6":"product_cat-articulos-sostenibles","7":"product_cat-embalaje-especial","9":"first","10":"instock","11":"taxable","12":"shipping-taxable","13":"purchasable","14":"product-type-variable","15":"has-default-attributes"},"aioseo_notices":[],"_links":{"self":[{"href":"https:\/\/imprimeideas.es\/en\/wp-json\/wp\/v2\/product\/40272","targetHints":{"allow":["GET"]}}],"collection":[{"href":"https:\/\/imprimeideas.es\/en\/wp-json\/wp\/v2\/product"}],"about":[{"href":"https:\/\/imprimeideas.es\/en\/wp-json\/wp\/v2\/types\/product"}],"replies":[{"embeddable":true,"href":"https:\/\/imprimeideas.es\/en\/wp-json\/wp\/v2\/comments?post=40272"}],"version-history":[{"count":1,"href":"https:\/\/imprimeideas.es\/en\/wp-json\/wp\/v2\/product\/40272\/revisions"}],"predecessor-version":[{"id":54440,"href":"https:\/\/imprimeideas.es\/en\/wp-json\/wp\/v2\/product\/40272\/revisions\/54440"}],"wp:featuredmedia":[{"embeddable":true,"href":"https:\/\/imprimeideas.es\/en\/wp-json\/wp\/v2\/media\/83198"}],"wp:attachment":[{"href":"https:\/\/imprimeideas.es\/en\/wp-json\/wp\/v2\/media?parent=40272"}],"wp:term":[{"taxonomy":"product_brand","embeddable":true,"href":"https:\/\/imprimeideas.es\/en\/wp-json\/wp\/v2\/product_brand?post=40272"},{"taxonomy":"product_cat","embeddable":true,"href":"https:\/\/imprimeideas.es\/en\/wp-json\/wp\/v2\/product_cat?post=40272"},{"taxonomy":"product_tag","embeddable":true,"href":"https:\/\/imprimeideas.es\/en\/wp-json\/wp\/v2\/product_tag?post=40272"}],"curies":[{"name":"wp","href":"https:\/\/api.w.org\/{rel}","templated":true}]}}