{"id":40266,"date":"2026-02-24T11:22:11","date_gmt":"2026-02-24T10:22:11","guid":{"rendered":"https:\/\/imprimeideas.es\/?post_type=product&p=40266"},"modified":"2026-02-26T18:19:34","modified_gmt":"2026-02-26T17:19:34","slug":"libreta-soporte-maisux","status":"publish","type":"product","link":"https:\/\/imprimeideas.es\/en\/product\/libreta-soporte-maisux\/","title":{"rendered":"Libreta Soporte Maisux"},"content":{"rendered":"<p>Libreta soporte de anillas de l\u00ednea nature. Tapas r\u00edgidas fabricadas en resistente material RPET 300D, elaborado a partir de pl\u00e1stico reciclado. Con original soporte para smartphone y tablet integrado en la portada y fabricado en ca\u00f1a de trigo. Incluye el\u00e1stico de cierre y soporte para bol\u00edgrafo a juego. 70 hojas interiores con disposici\u00f3n a una raya y disponible en variada gama de colores. Con distintivo RPET en contraportada y presentada en bolsa individual reciclada.<\/p>","protected":false},"excerpt":{"rendered":"<p>Portada R\u00edgida. 70 Hojas<\/p>","protected":false},"featured_media":63799,"comment_status":"open","ping_status":"open","template":"","meta":{"inline_featured_image":false},"product_brand":[],"product_cat":[122,96],"product_tag":[],"class_list":{"0":"post-40266","1":"product","2":"type-product","3":"status-publish","4":"has-post-thumbnail","6":"product_cat-articulos-sostenibles","7":"product_cat-oficina-y-negocios","9":"first","10":"instock","11":"taxable","12":"shipping-taxable","13":"purchasable","14":"product-type-variable","15":"has-default-attributes"},"aioseo_notices":[],"_links":{"self":[{"href":"https:\/\/imprimeideas.es\/en\/wp-json\/wp\/v2\/product\/40266","targetHints":{"allow":["GET"]}}],"collection":[{"href":"https:\/\/imprimeideas.es\/en\/wp-json\/wp\/v2\/product"}],"about":[{"href":"https:\/\/imprimeideas.es\/en\/wp-json\/wp\/v2\/types\/product"}],"replies":[{"embeddable":true,"href":"https:\/\/imprimeideas.es\/en\/wp-json\/wp\/v2\/comments?post=40266"}],"version-history":[{"count":1,"href":"https:\/\/imprimeideas.es\/en\/wp-json\/wp\/v2\/product\/40266\/revisions"}],"predecessor-version":[{"id":54439,"href":"https:\/\/imprimeideas.es\/en\/wp-json\/wp\/v2\/product\/40266\/revisions\/54439"}],"wp:featuredmedia":[{"embeddable":true,"href":"https:\/\/imprimeideas.es\/en\/wp-json\/wp\/v2\/media\/63799"}],"wp:attachment":[{"href":"https:\/\/imprimeideas.es\/en\/wp-json\/wp\/v2\/media?parent=40266"}],"wp:term":[{"taxonomy":"product_brand","embeddable":true,"href":"https:\/\/imprimeideas.es\/en\/wp-json\/wp\/v2\/product_brand?post=40266"},{"taxonomy":"product_cat","embeddable":true,"href":"https:\/\/imprimeideas.es\/en\/wp-json\/wp\/v2\/product_cat?post=40266"},{"taxonomy":"product_tag","embeddable":true,"href":"https:\/\/imprimeideas.es\/en\/wp-json\/wp\/v2\/product_tag?post=40266"}],"curies":[{"name":"wp","href":"https:\/\/api.w.org\/{rel}","templated":true}]}}