{"id":40261,"date":"2026-02-24T11:22:10","date_gmt":"2026-02-24T10:22:10","guid":{"rendered":"https:\/\/imprimeideas.es\/?post_type=product&p=40261"},"modified":"2026-02-26T18:32:52","modified_gmt":"2026-02-26T17:32:52","slug":"auriculares-cargador-billins","status":"publish","type":"product","link":"https:\/\/imprimeideas.es\/en\/product\/auriculares-cargador-billins\/","title":{"rendered":"Auriculares Cargador Billins"},"content":{"rendered":"<p>Auriculares intraurales de l\u00ednea nature. Fabricados en resistente ABS con detalles en bamb\u00fa en auriculares y base. Conexi\u00f3n Bluetooth 5.0 y funci\u00f3n manos libres, con bot\u00f3n de control t\u00e1ctil en el auricular. Incluye cargador inal\u00e1mbrico 10W integrado en la tapa de bamb\u00fa de la base de caga. Recargables por USB, con cable Tipo C incluido. Presentados en caja individual de dise\u00f1o eco en cart\u00f3n kraft.<\/p>","protected":false},"excerpt":{"rendered":"<p>Inal\u00e1mbrico 10W. Conexi\u00f3n Bluetooth. Bater\u00eda 30 mAh\/ Base Carga 300 mAh<\/p>","protected":false},"featured_media":74488,"comment_status":"open","ping_status":"open","template":"","meta":{"inline_featured_image":false},"product_brand":[],"product_cat":[122,95],"product_tag":[],"class_list":{"0":"post-40261","1":"product","2":"type-product","3":"status-publish","4":"has-post-thumbnail","6":"product_cat-articulos-sostenibles","7":"product_cat-tecnologia-y-accesorios","9":"first","10":"instock","11":"taxable","12":"shipping-taxable","13":"purchasable","14":"product-type-variable","15":"has-default-attributes"},"aioseo_notices":[],"_links":{"self":[{"href":"https:\/\/imprimeideas.es\/en\/wp-json\/wp\/v2\/product\/40261","targetHints":{"allow":["GET"]}}],"collection":[{"href":"https:\/\/imprimeideas.es\/en\/wp-json\/wp\/v2\/product"}],"about":[{"href":"https:\/\/imprimeideas.es\/en\/wp-json\/wp\/v2\/types\/product"}],"replies":[{"embeddable":true,"href":"https:\/\/imprimeideas.es\/en\/wp-json\/wp\/v2\/comments?post=40261"}],"version-history":[{"count":1,"href":"https:\/\/imprimeideas.es\/en\/wp-json\/wp\/v2\/product\/40261\/revisions"}],"predecessor-version":[{"id":54437,"href":"https:\/\/imprimeideas.es\/en\/wp-json\/wp\/v2\/product\/40261\/revisions\/54437"}],"wp:featuredmedia":[{"embeddable":true,"href":"https:\/\/imprimeideas.es\/en\/wp-json\/wp\/v2\/media\/74488"}],"wp:attachment":[{"href":"https:\/\/imprimeideas.es\/en\/wp-json\/wp\/v2\/media?parent=40261"}],"wp:term":[{"taxonomy":"product_brand","embeddable":true,"href":"https:\/\/imprimeideas.es\/en\/wp-json\/wp\/v2\/product_brand?post=40261"},{"taxonomy":"product_cat","embeddable":true,"href":"https:\/\/imprimeideas.es\/en\/wp-json\/wp\/v2\/product_cat?post=40261"},{"taxonomy":"product_tag","embeddable":true,"href":"https:\/\/imprimeideas.es\/en\/wp-json\/wp\/v2\/product_tag?post=40261"}],"curies":[{"name":"wp","href":"https:\/\/api.w.org\/{rel}","templated":true}]}}