{"id":40249,"date":"2026-02-24T11:22:09","date_gmt":"2026-02-24T10:22:09","guid":{"rendered":"https:\/\/imprimeideas.es\/?post_type=product&p=40249"},"modified":"2026-02-26T18:19:20","modified_gmt":"2026-02-26T17:19:20","slug":"lapiz-puntero-eterno-gosfor","status":"publish","type":"product","link":"https:\/\/imprimeideas.es\/en\/product\/lapiz-puntero-eterno-gosfor\/","title":{"rendered":"L\u00e1piz Puntero Eterno Gosfor"},"content":{"rendered":"<p>L\u00e1piz puntero eterno, fabricado en resistente aluminio de acabado metalizado y con anilla cromada. Reutilizable y con escritura infinita, para as\u00ed usar siempre el mismo l\u00e1piz y no generar residuos. Incluye goma de borrar en la parte interior del l\u00e1piz y est\u00e1 disponible en variada gama de colores.<\/p>","protected":false},"excerpt":{"rendered":"<p>L\u00e1piz puntero eterno, fabricado en resistente aluminio de acabado metalizado y con anilla cromada. Reutilizable y con escritura infinita, para<\/p>","protected":false},"featured_media":75188,"comment_status":"open","ping_status":"open","template":"","meta":{"inline_featured_image":false},"product_brand":[],"product_cat":[100],"product_tag":[],"class_list":{"0":"post-40249","1":"product","2":"type-product","3":"status-publish","4":"has-post-thumbnail","6":"product_cat-escritura","8":"first","9":"instock","10":"taxable","11":"shipping-taxable","12":"purchasable","13":"product-type-variable","14":"has-default-attributes"},"aioseo_notices":[],"_links":{"self":[{"href":"https:\/\/imprimeideas.es\/en\/wp-json\/wp\/v2\/product\/40249","targetHints":{"allow":["GET"]}}],"collection":[{"href":"https:\/\/imprimeideas.es\/en\/wp-json\/wp\/v2\/product"}],"about":[{"href":"https:\/\/imprimeideas.es\/en\/wp-json\/wp\/v2\/types\/product"}],"replies":[{"embeddable":true,"href":"https:\/\/imprimeideas.es\/en\/wp-json\/wp\/v2\/comments?post=40249"}],"version-history":[{"count":1,"href":"https:\/\/imprimeideas.es\/en\/wp-json\/wp\/v2\/product\/40249\/revisions"}],"predecessor-version":[{"id":54434,"href":"https:\/\/imprimeideas.es\/en\/wp-json\/wp\/v2\/product\/40249\/revisions\/54434"}],"wp:featuredmedia":[{"embeddable":true,"href":"https:\/\/imprimeideas.es\/en\/wp-json\/wp\/v2\/media\/75188"}],"wp:attachment":[{"href":"https:\/\/imprimeideas.es\/en\/wp-json\/wp\/v2\/media?parent=40249"}],"wp:term":[{"taxonomy":"product_brand","embeddable":true,"href":"https:\/\/imprimeideas.es\/en\/wp-json\/wp\/v2\/product_brand?post=40249"},{"taxonomy":"product_cat","embeddable":true,"href":"https:\/\/imprimeideas.es\/en\/wp-json\/wp\/v2\/product_cat?post=40249"},{"taxonomy":"product_tag","embeddable":true,"href":"https:\/\/imprimeideas.es\/en\/wp-json\/wp\/v2\/product_tag?post=40249"}],"curies":[{"name":"wp","href":"https:\/\/api.w.org\/{rel}","templated":true}]}}