{"id":40247,"date":"2026-02-24T11:22:09","date_gmt":"2026-02-24T10:22:09","guid":{"rendered":"https:\/\/imprimeideas.es\/?post_type=product&p=40247"},"modified":"2026-02-25T23:47:09","modified_gmt":"2026-02-25T22:47:09","slug":"boligrafo-carony","status":"publish","type":"product","link":"https:\/\/imprimeideas.es\/en\/product\/boligrafo-carony\/","title":{"rendered":"Bol\u00edgrafo Carony"},"content":{"rendered":"<p>Bol\u00edgrafo de l\u00ednea nature, con cuerpo fabricado madera natural. De mecanismo pulsador y accesorios en cromado, con amplio clip met\u00e1lico para grabado en l\u00e1ser. De cartucho jumbo y en tinta azul.<\/p>","protected":false},"excerpt":{"rendered":"<p>Carga Jumbo<\/p>","protected":false},"featured_media":83593,"comment_status":"open","ping_status":"open","template":"","meta":{"inline_featured_image":false},"product_brand":[],"product_cat":[122,100,128],"product_tag":[],"class_list":{"0":"post-40247","1":"product","2":"type-product","3":"status-publish","4":"has-post-thumbnail","6":"product_cat-articulos-sostenibles","7":"product_cat-escritura","8":"product_cat-outlet","10":"first","11":"outofstock","12":"taxable","13":"shipping-taxable","14":"purchasable","15":"product-type-variable","16":"has-default-attributes"},"aioseo_notices":[],"_links":{"self":[{"href":"https:\/\/imprimeideas.es\/en\/wp-json\/wp\/v2\/product\/40247","targetHints":{"allow":["GET"]}}],"collection":[{"href":"https:\/\/imprimeideas.es\/en\/wp-json\/wp\/v2\/product"}],"about":[{"href":"https:\/\/imprimeideas.es\/en\/wp-json\/wp\/v2\/types\/product"}],"replies":[{"embeddable":true,"href":"https:\/\/imprimeideas.es\/en\/wp-json\/wp\/v2\/comments?post=40247"}],"version-history":[{"count":1,"href":"https:\/\/imprimeideas.es\/en\/wp-json\/wp\/v2\/product\/40247\/revisions"}],"predecessor-version":[{"id":54433,"href":"https:\/\/imprimeideas.es\/en\/wp-json\/wp\/v2\/product\/40247\/revisions\/54433"}],"wp:featuredmedia":[{"embeddable":true,"href":"https:\/\/imprimeideas.es\/en\/wp-json\/wp\/v2\/media\/83593"}],"wp:attachment":[{"href":"https:\/\/imprimeideas.es\/en\/wp-json\/wp\/v2\/media?parent=40247"}],"wp:term":[{"taxonomy":"product_brand","embeddable":true,"href":"https:\/\/imprimeideas.es\/en\/wp-json\/wp\/v2\/product_brand?post=40247"},{"taxonomy":"product_cat","embeddable":true,"href":"https:\/\/imprimeideas.es\/en\/wp-json\/wp\/v2\/product_cat?post=40247"},{"taxonomy":"product_tag","embeddable":true,"href":"https:\/\/imprimeideas.es\/en\/wp-json\/wp\/v2\/product_tag?post=40247"}],"curies":[{"name":"wp","href":"https:\/\/api.w.org\/{rel}","templated":true}]}}