{"id":40224,"date":"2026-02-24T11:22:07","date_gmt":"2026-02-24T10:22:07","guid":{"rendered":"https:\/\/imprimeideas.es\/?post_type=product&p=40224"},"modified":"2026-02-26T18:08:14","modified_gmt":"2026-02-26T17:08:14","slug":"estuche-glaston","status":"publish","type":"product","link":"https:\/\/imprimeideas.es\/en\/product\/estuche-glaston\/","title":{"rendered":"Estuche Glaston"},"content":{"rendered":"<p>Original estuche de l\u00ednea nature, con tapa de bamb\u00fa y cuerpo en fieltro RPET, fruto de la combinaci\u00f3n del proceso de reciclaje de materiales pl\u00e1sticos junto con la t\u00e9cnica milenaria de fabricaci\u00f3n del fieltro, dando como resultado un material de eco-tendencia que, adem\u00e1s de ser de origen reciclado, tambi\u00e9n se convierte en reciclable. Regla en tapadera (pulgadas y cm), con soporte integrado para smartphone y distintivo RPET en la parte de fieltro.<\/p>","protected":false},"excerpt":{"rendered":"<p>Original estuche de l\u00ednea nature, con tapa de bamb\u00fa y cuerpo en fieltro RPET, fruto de la combinaci\u00f3n del proceso<\/p>","protected":false},"featured_media":72957,"comment_status":"open","ping_status":"open","template":"","meta":{"inline_featured_image":false},"product_brand":[],"product_cat":[122,96],"product_tag":[],"class_list":{"0":"post-40224","1":"product","2":"type-product","3":"status-publish","4":"has-post-thumbnail","6":"product_cat-articulos-sostenibles","7":"product_cat-oficina-y-negocios","9":"first","10":"instock","11":"taxable","12":"shipping-taxable","13":"purchasable","14":"product-type-variable","15":"has-default-attributes"},"aioseo_notices":[],"_links":{"self":[{"href":"https:\/\/imprimeideas.es\/en\/wp-json\/wp\/v2\/product\/40224","targetHints":{"allow":["GET"]}}],"collection":[{"href":"https:\/\/imprimeideas.es\/en\/wp-json\/wp\/v2\/product"}],"about":[{"href":"https:\/\/imprimeideas.es\/en\/wp-json\/wp\/v2\/types\/product"}],"replies":[{"embeddable":true,"href":"https:\/\/imprimeideas.es\/en\/wp-json\/wp\/v2\/comments?post=40224"}],"version-history":[{"count":1,"href":"https:\/\/imprimeideas.es\/en\/wp-json\/wp\/v2\/product\/40224\/revisions"}],"predecessor-version":[{"id":54428,"href":"https:\/\/imprimeideas.es\/en\/wp-json\/wp\/v2\/product\/40224\/revisions\/54428"}],"wp:featuredmedia":[{"embeddable":true,"href":"https:\/\/imprimeideas.es\/en\/wp-json\/wp\/v2\/media\/72957"}],"wp:attachment":[{"href":"https:\/\/imprimeideas.es\/en\/wp-json\/wp\/v2\/media?parent=40224"}],"wp:term":[{"taxonomy":"product_brand","embeddable":true,"href":"https:\/\/imprimeideas.es\/en\/wp-json\/wp\/v2\/product_brand?post=40224"},{"taxonomy":"product_cat","embeddable":true,"href":"https:\/\/imprimeideas.es\/en\/wp-json\/wp\/v2\/product_cat?post=40224"},{"taxonomy":"product_tag","embeddable":true,"href":"https:\/\/imprimeideas.es\/en\/wp-json\/wp\/v2\/product_tag?post=40224"}],"curies":[{"name":"wp","href":"https:\/\/api.w.org\/{rel}","templated":true}]}}