{"id":40212,"date":"2026-02-24T11:22:06","date_gmt":"2026-02-24T10:22:06","guid":{"rendered":"https:\/\/imprimeideas.es\/?post_type=product&p=40212"},"modified":"2026-02-26T18:27:56","modified_gmt":"2026-02-26T17:27:56","slug":"poncho-brinek","status":"publish","type":"product","link":"https:\/\/imprimeideas.es\/en\/product\/poncho-brinek\/","title":{"rendered":"Poncho Brinek"},"content":{"rendered":"<p>Poncho para adulto en material LDPE. En medidas 102x127cm y presentado en funda de poli\u00e9ster RPET, elaborado a partir de pl\u00e1stico reciclado, para as\u00ed fomentar la reutilizaci\u00f3n de residuos pl\u00e1sticos y ayudar a la sostenibilidad del planeta. Bolsa con mosquet\u00f3n a juego para f\u00e1cil transporte y cierre ajustable, disponible en variada gama de colores. Con distintivo RPET en etiqueta exterior.<\/p>","protected":false},"excerpt":{"rendered":"<p>Talla \u00danica. Adulto. 127 x 102 cm. Funda Poli\u00e9ster RPET<\/p>","protected":false},"featured_media":73178,"comment_status":"open","ping_status":"open","template":"","meta":{"inline_featured_image":false},"product_brand":[],"product_cat":[122,118,102],"product_tag":[],"class_list":{"0":"post-40212","1":"product","2":"type-product","3":"status-publish","4":"has-post-thumbnail","6":"product_cat-articulos-sostenibles","7":"product_cat-lluvia-y-frio","8":"product_cat-ocio-y-tiempo-libre","10":"first","11":"instock","12":"taxable","13":"shipping-taxable","14":"purchasable","15":"product-type-variable","16":"has-default-attributes"},"aioseo_notices":[],"_links":{"self":[{"href":"https:\/\/imprimeideas.es\/en\/wp-json\/wp\/v2\/product\/40212","targetHints":{"allow":["GET"]}}],"collection":[{"href":"https:\/\/imprimeideas.es\/en\/wp-json\/wp\/v2\/product"}],"about":[{"href":"https:\/\/imprimeideas.es\/en\/wp-json\/wp\/v2\/types\/product"}],"replies":[{"embeddable":true,"href":"https:\/\/imprimeideas.es\/en\/wp-json\/wp\/v2\/comments?post=40212"}],"version-history":[{"count":1,"href":"https:\/\/imprimeideas.es\/en\/wp-json\/wp\/v2\/product\/40212\/revisions"}],"predecessor-version":[{"id":54425,"href":"https:\/\/imprimeideas.es\/en\/wp-json\/wp\/v2\/product\/40212\/revisions\/54425"}],"wp:featuredmedia":[{"embeddable":true,"href":"https:\/\/imprimeideas.es\/en\/wp-json\/wp\/v2\/media\/73178"}],"wp:attachment":[{"href":"https:\/\/imprimeideas.es\/en\/wp-json\/wp\/v2\/media?parent=40212"}],"wp:term":[{"taxonomy":"product_brand","embeddable":true,"href":"https:\/\/imprimeideas.es\/en\/wp-json\/wp\/v2\/product_brand?post=40212"},{"taxonomy":"product_cat","embeddable":true,"href":"https:\/\/imprimeideas.es\/en\/wp-json\/wp\/v2\/product_cat?post=40212"},{"taxonomy":"product_tag","embeddable":true,"href":"https:\/\/imprimeideas.es\/en\/wp-json\/wp\/v2\/product_tag?post=40212"}],"curies":[{"name":"wp","href":"https:\/\/api.w.org\/{rel}","templated":true}]}}