{"id":40201,"date":"2026-02-24T11:22:05","date_gmt":"2026-02-24T10:22:05","guid":{"rendered":"https:\/\/imprimeideas.es\/?post_type=product&p=40201"},"modified":"2026-02-26T18:23:27","modified_gmt":"2026-02-26T17:23:27","slug":"set-quesos-tauroa","status":"publish","type":"product","link":"https:\/\/imprimeideas.es\/en\/product\/set-quesos-tauroa\/","title":{"rendered":"Set Quesos Tauroa"},"content":{"rendered":"<p>Completo set de quesos de l\u00ednea nature, fabricado en bamb\u00fa y acero inoxidable. Incluye tabla de corte y presentaci\u00f3n con mango y agujero para colgar, trinchador y cuchillo. Presentado en estuche individual troquelado de cart\u00f3n reciclado acabado kraft.<\/p>","protected":false},"excerpt":{"rendered":"<p>3 Piezas<\/p>","protected":false},"featured_media":76960,"comment_status":"open","ping_status":"open","template":"","meta":{"inline_featured_image":false},"product_brand":[],"product_cat":[122,104],"product_tag":[],"class_list":{"0":"post-40201","1":"product","2":"type-product","3":"status-publish","4":"has-post-thumbnail","6":"product_cat-articulos-sostenibles","7":"product_cat-hogar-y-decoracion","9":"first","10":"instock","11":"taxable","12":"shipping-taxable","13":"purchasable","14":"product-type-variable","15":"has-default-attributes"},"aioseo_notices":[],"_links":{"self":[{"href":"https:\/\/imprimeideas.es\/en\/wp-json\/wp\/v2\/product\/40201","targetHints":{"allow":["GET"]}}],"collection":[{"href":"https:\/\/imprimeideas.es\/en\/wp-json\/wp\/v2\/product"}],"about":[{"href":"https:\/\/imprimeideas.es\/en\/wp-json\/wp\/v2\/types\/product"}],"replies":[{"embeddable":true,"href":"https:\/\/imprimeideas.es\/en\/wp-json\/wp\/v2\/comments?post=40201"}],"version-history":[{"count":1,"href":"https:\/\/imprimeideas.es\/en\/wp-json\/wp\/v2\/product\/40201\/revisions"}],"predecessor-version":[{"id":54420,"href":"https:\/\/imprimeideas.es\/en\/wp-json\/wp\/v2\/product\/40201\/revisions\/54420"}],"wp:featuredmedia":[{"embeddable":true,"href":"https:\/\/imprimeideas.es\/en\/wp-json\/wp\/v2\/media\/76960"}],"wp:attachment":[{"href":"https:\/\/imprimeideas.es\/en\/wp-json\/wp\/v2\/media?parent=40201"}],"wp:term":[{"taxonomy":"product_brand","embeddable":true,"href":"https:\/\/imprimeideas.es\/en\/wp-json\/wp\/v2\/product_brand?post=40201"},{"taxonomy":"product_cat","embeddable":true,"href":"https:\/\/imprimeideas.es\/en\/wp-json\/wp\/v2\/product_cat?post=40201"},{"taxonomy":"product_tag","embeddable":true,"href":"https:\/\/imprimeideas.es\/en\/wp-json\/wp\/v2\/product_tag?post=40201"}],"curies":[{"name":"wp","href":"https:\/\/api.w.org\/{rel}","templated":true}]}}