{"id":40192,"date":"2026-02-24T11:22:04","date_gmt":"2026-02-24T10:22:04","guid":{"rendered":"https:\/\/imprimeideas.es\/?post_type=product&p=40192"},"modified":"2026-02-26T18:28:09","modified_gmt":"2026-02-26T17:28:09","slug":"cargador-sterling","status":"publish","type":"product","link":"https:\/\/imprimeideas.es\/en\/product\/cargador-sterling\/","title":{"rendered":"Cargador Sterling"},"content":{"rendered":"<p>Cargador inal\u00e1mbrico 15W. Fabricado en resistente poli\u00e9ster 300D y con fijaci\u00f3n magn\u00e9tica para poder usar el dispositivo mientras se produce la carga del mismo e incluyendo anillo adhesivo. V\u00e1lido para todos los dispositivos con tecnolog\u00eda Magsafe y Qi. Plegado de peque\u00f1o tama\u00f1o para f\u00e1cil transporte y presentado en atractiva caja individual de dise\u00f1o.<\/p>","protected":false},"excerpt":{"rendered":"<p>Inal\u00e1mbrico 15W. Magn\u00e9tico. Plegable<\/p>","protected":false},"featured_media":73526,"comment_status":"open","ping_status":"open","template":"","meta":{"inline_featured_image":false},"product_brand":[],"product_cat":[95],"product_tag":[],"class_list":{"0":"post-40192","1":"product","2":"type-product","3":"status-publish","4":"has-post-thumbnail","6":"product_cat-tecnologia-y-accesorios","8":"first","9":"instock","10":"taxable","11":"shipping-taxable","12":"purchasable","13":"product-type-variable","14":"has-default-attributes"},"aioseo_notices":[],"_links":{"self":[{"href":"https:\/\/imprimeideas.es\/en\/wp-json\/wp\/v2\/product\/40192","targetHints":{"allow":["GET"]}}],"collection":[{"href":"https:\/\/imprimeideas.es\/en\/wp-json\/wp\/v2\/product"}],"about":[{"href":"https:\/\/imprimeideas.es\/en\/wp-json\/wp\/v2\/types\/product"}],"replies":[{"embeddable":true,"href":"https:\/\/imprimeideas.es\/en\/wp-json\/wp\/v2\/comments?post=40192"}],"version-history":[{"count":1,"href":"https:\/\/imprimeideas.es\/en\/wp-json\/wp\/v2\/product\/40192\/revisions"}],"predecessor-version":[{"id":54416,"href":"https:\/\/imprimeideas.es\/en\/wp-json\/wp\/v2\/product\/40192\/revisions\/54416"}],"wp:featuredmedia":[{"embeddable":true,"href":"https:\/\/imprimeideas.es\/en\/wp-json\/wp\/v2\/media\/73526"}],"wp:attachment":[{"href":"https:\/\/imprimeideas.es\/en\/wp-json\/wp\/v2\/media?parent=40192"}],"wp:term":[{"taxonomy":"product_brand","embeddable":true,"href":"https:\/\/imprimeideas.es\/en\/wp-json\/wp\/v2\/product_brand?post=40192"},{"taxonomy":"product_cat","embeddable":true,"href":"https:\/\/imprimeideas.es\/en\/wp-json\/wp\/v2\/product_cat?post=40192"},{"taxonomy":"product_tag","embeddable":true,"href":"https:\/\/imprimeideas.es\/en\/wp-json\/wp\/v2\/product_tag?post=40192"}],"curies":[{"name":"wp","href":"https:\/\/api.w.org\/{rel}","templated":true}]}}