{"id":40146,"date":"2026-02-24T11:21:26","date_gmt":"2026-02-24T10:21:26","guid":{"rendered":"https:\/\/imprimeideas.es\/?post_type=product&p=40146"},"modified":"2026-02-26T18:03:08","modified_gmt":"2026-02-26T17:03:08","slug":"tarjetero-blakbal","status":"publish","type":"product","link":"https:\/\/imprimeideas.es\/en\/product\/tarjetero-blakbal\/","title":{"rendered":"Tarjetero Blakbal"},"content":{"rendered":"<p>Tarjetero de l\u00ednea nature fabricado en papel reciclado con interior en aluminio. Tecnolog\u00eda de seguridad RFID (Identificaci\u00f3n por Radio Frecuencia) que mantiene seguros tus dispositivos de transmisi\u00f3n de identidad. Con muesca para f\u00e1cil acceso a la tarjeta.<\/p>","protected":false},"excerpt":{"rendered":"<p>Protector RFID. 1 Compartimento<\/p>","protected":false},"featured_media":85278,"comment_status":"open","ping_status":"open","template":"","meta":{"inline_featured_image":false},"product_brand":[],"product_cat":[122,106],"product_tag":[],"class_list":{"0":"post-40146","1":"product","2":"type-product","3":"status-publish","4":"has-post-thumbnail","6":"product_cat-articulos-sostenibles","7":"product_cat-regalos-y-premiums","9":"first","10":"instock","11":"taxable","12":"shipping-taxable","13":"purchasable","14":"product-type-variable","15":"has-default-attributes"},"aioseo_notices":[],"_links":{"self":[{"href":"https:\/\/imprimeideas.es\/en\/wp-json\/wp\/v2\/product\/40146","targetHints":{"allow":["GET"]}}],"collection":[{"href":"https:\/\/imprimeideas.es\/en\/wp-json\/wp\/v2\/product"}],"about":[{"href":"https:\/\/imprimeideas.es\/en\/wp-json\/wp\/v2\/types\/product"}],"replies":[{"embeddable":true,"href":"https:\/\/imprimeideas.es\/en\/wp-json\/wp\/v2\/comments?post=40146"}],"version-history":[{"count":1,"href":"https:\/\/imprimeideas.es\/en\/wp-json\/wp\/v2\/product\/40146\/revisions"}],"predecessor-version":[{"id":54410,"href":"https:\/\/imprimeideas.es\/en\/wp-json\/wp\/v2\/product\/40146\/revisions\/54410"}],"wp:featuredmedia":[{"embeddable":true,"href":"https:\/\/imprimeideas.es\/en\/wp-json\/wp\/v2\/media\/85278"}],"wp:attachment":[{"href":"https:\/\/imprimeideas.es\/en\/wp-json\/wp\/v2\/media?parent=40146"}],"wp:term":[{"taxonomy":"product_brand","embeddable":true,"href":"https:\/\/imprimeideas.es\/en\/wp-json\/wp\/v2\/product_brand?post=40146"},{"taxonomy":"product_cat","embeddable":true,"href":"https:\/\/imprimeideas.es\/en\/wp-json\/wp\/v2\/product_cat?post=40146"},{"taxonomy":"product_tag","embeddable":true,"href":"https:\/\/imprimeideas.es\/en\/wp-json\/wp\/v2\/product_tag?post=40146"}],"curies":[{"name":"wp","href":"https:\/\/api.w.org\/{rel}","templated":true}]}}