{"id":40144,"date":"2026-02-24T11:21:26","date_gmt":"2026-02-24T10:21:26","guid":{"rendered":"https:\/\/imprimeideas.es\/?post_type=product&p=40144"},"modified":"2026-02-26T18:27:52","modified_gmt":"2026-02-26T17:27:52","slug":"tapa-webcam-baley","status":"publish","type":"product","link":"https:\/\/imprimeideas.es\/en\/product\/tapa-webcam-baley\/","title":{"rendered":"Tapa Webcam Baley"},"content":{"rendered":"<p>Tapa deslizante de l\u00ednea nature fabricada en papel reciclado. Dise\u00f1ada para cubrir la c\u00e1mara de los dispositivos electr\u00f3nicos y asegurar la protecci\u00f3n de la privacidad. Con adhesivo 3M, de fijaci\u00f3n extra fuerte y libre de residuos al despegarlo del dispositivo.<\/p>","protected":false},"excerpt":{"rendered":"<p>Adhesivo<\/p>","protected":false},"featured_media":40197,"comment_status":"open","ping_status":"open","template":"","meta":{"inline_featured_image":false},"product_brand":[],"product_cat":[122,95],"product_tag":[],"class_list":{"0":"post-40144","1":"product","2":"type-product","3":"status-publish","4":"has-post-thumbnail","6":"product_cat-articulos-sostenibles","7":"product_cat-tecnologia-y-accesorios","9":"first","10":"instock","11":"taxable","12":"shipping-taxable","13":"purchasable","14":"product-type-variable","15":"has-default-attributes"},"aioseo_notices":[],"_links":{"self":[{"href":"https:\/\/imprimeideas.es\/en\/wp-json\/wp\/v2\/product\/40144","targetHints":{"allow":["GET"]}}],"collection":[{"href":"https:\/\/imprimeideas.es\/en\/wp-json\/wp\/v2\/product"}],"about":[{"href":"https:\/\/imprimeideas.es\/en\/wp-json\/wp\/v2\/types\/product"}],"replies":[{"embeddable":true,"href":"https:\/\/imprimeideas.es\/en\/wp-json\/wp\/v2\/comments?post=40144"}],"version-history":[{"count":1,"href":"https:\/\/imprimeideas.es\/en\/wp-json\/wp\/v2\/product\/40144\/revisions"}],"predecessor-version":[{"id":54409,"href":"https:\/\/imprimeideas.es\/en\/wp-json\/wp\/v2\/product\/40144\/revisions\/54409"}],"wp:featuredmedia":[{"embeddable":true,"href":"https:\/\/imprimeideas.es\/en\/wp-json\/wp\/v2\/media\/40197"}],"wp:attachment":[{"href":"https:\/\/imprimeideas.es\/en\/wp-json\/wp\/v2\/media?parent=40144"}],"wp:term":[{"taxonomy":"product_brand","embeddable":true,"href":"https:\/\/imprimeideas.es\/en\/wp-json\/wp\/v2\/product_brand?post=40144"},{"taxonomy":"product_cat","embeddable":true,"href":"https:\/\/imprimeideas.es\/en\/wp-json\/wp\/v2\/product_cat?post=40144"},{"taxonomy":"product_tag","embeddable":true,"href":"https:\/\/imprimeideas.es\/en\/wp-json\/wp\/v2\/product_tag?post=40144"}],"curies":[{"name":"wp","href":"https:\/\/api.w.org\/{rel}","templated":true}]}}