{"id":40142,"date":"2026-02-24T11:21:25","date_gmt":"2026-02-24T10:21:25","guid":{"rendered":"https:\/\/imprimeideas.es\/?post_type=product&p=40142"},"modified":"2026-02-26T18:13:45","modified_gmt":"2026-02-26T17:13:45","slug":"auriculares-baksen","status":"publish","type":"product","link":"https:\/\/imprimeideas.es\/en\/product\/auriculares-baksen\/","title":{"rendered":"Auriculares Baksen"},"content":{"rendered":"<p>Estuche con 2 pares de auriculares intraurales en elegante acabado blanco y en 2 dise\u00f1os ergon\u00f3micos. Conexi\u00f3n Bluetooth 5.0, con bot\u00f3n de control t\u00e1ctil integrado en el auricular, base de carga a juego e indicadores de estado de carga. Funci\u00f3n manos libres y recargables por USB. Presentados en una atractiva caja de dise\u00f1o.<\/p>","protected":false},"excerpt":{"rendered":"<p>Conexi\u00f3n Bluetooth. Bater\u00eda 35 mAh\/ Base Carga 300 mAh<\/p>","protected":false},"featured_media":72859,"comment_status":"open","ping_status":"open","template":"","meta":{"inline_featured_image":false},"product_brand":[],"product_cat":[95],"product_tag":[],"class_list":{"0":"post-40142","1":"product","2":"type-product","3":"status-publish","4":"has-post-thumbnail","6":"product_cat-tecnologia-y-accesorios","8":"first","9":"instock","10":"taxable","11":"shipping-taxable","12":"purchasable","13":"product-type-variable","14":"has-default-attributes"},"aioseo_notices":[],"_links":{"self":[{"href":"https:\/\/imprimeideas.es\/en\/wp-json\/wp\/v2\/product\/40142","targetHints":{"allow":["GET"]}}],"collection":[{"href":"https:\/\/imprimeideas.es\/en\/wp-json\/wp\/v2\/product"}],"about":[{"href":"https:\/\/imprimeideas.es\/en\/wp-json\/wp\/v2\/types\/product"}],"replies":[{"embeddable":true,"href":"https:\/\/imprimeideas.es\/en\/wp-json\/wp\/v2\/comments?post=40142"}],"version-history":[{"count":1,"href":"https:\/\/imprimeideas.es\/en\/wp-json\/wp\/v2\/product\/40142\/revisions"}],"predecessor-version":[{"id":54408,"href":"https:\/\/imprimeideas.es\/en\/wp-json\/wp\/v2\/product\/40142\/revisions\/54408"}],"wp:featuredmedia":[{"embeddable":true,"href":"https:\/\/imprimeideas.es\/en\/wp-json\/wp\/v2\/media\/72859"}],"wp:attachment":[{"href":"https:\/\/imprimeideas.es\/en\/wp-json\/wp\/v2\/media?parent=40142"}],"wp:term":[{"taxonomy":"product_brand","embeddable":true,"href":"https:\/\/imprimeideas.es\/en\/wp-json\/wp\/v2\/product_brand?post=40142"},{"taxonomy":"product_cat","embeddable":true,"href":"https:\/\/imprimeideas.es\/en\/wp-json\/wp\/v2\/product_cat?post=40142"},{"taxonomy":"product_tag","embeddable":true,"href":"https:\/\/imprimeideas.es\/en\/wp-json\/wp\/v2\/product_tag?post=40142"}],"curies":[{"name":"wp","href":"https:\/\/api.w.org\/{rel}","templated":true}]}}