{"id":40139,"date":"2026-02-24T11:21:25","date_gmt":"2026-02-24T10:21:25","guid":{"rendered":"https:\/\/imprimeideas.es\/?post_type=product&p=40139"},"modified":"2026-02-26T18:37:35","modified_gmt":"2026-02-26T17:37:35","slug":"sacacorchos-greymuz","status":"publish","type":"product","link":"https:\/\/imprimeideas.es\/en\/product\/sacacorchos-greymuz\/","title":{"rendered":"Sacacorchos Greymuz"},"content":{"rendered":"<p>Sacacorchos con bomba de aire integrada, para una extracci\u00f3n del tap\u00f3n de corcho f\u00e1cil y segura. Fabricado en resistente material ABS y con cortac\u00e1psulas. Presentado en atractiva caja individual de dise\u00f1o.<\/p>","protected":false},"excerpt":{"rendered":"<p>Sacacorchos con bomba de aire integrada, para una extracci\u00f3n del tap\u00f3n de corcho f\u00e1cil y segura. Fabricado en resistente material<\/p>","protected":false},"featured_media":62022,"comment_status":"open","ping_status":"open","template":"","meta":{"inline_featured_image":false},"product_brand":[],"product_cat":[105],"product_tag":[],"class_list":{"0":"post-40139","1":"product","2":"type-product","3":"status-publish","4":"has-post-thumbnail","6":"product_cat-vino-accesorios-de-bebida-y-hosteleria","8":"first","9":"instock","10":"taxable","11":"shipping-taxable","12":"purchasable","13":"product-type-variable","14":"has-default-attributes"},"aioseo_notices":[],"_links":{"self":[{"href":"https:\/\/imprimeideas.es\/en\/wp-json\/wp\/v2\/product\/40139","targetHints":{"allow":["GET"]}}],"collection":[{"href":"https:\/\/imprimeideas.es\/en\/wp-json\/wp\/v2\/product"}],"about":[{"href":"https:\/\/imprimeideas.es\/en\/wp-json\/wp\/v2\/types\/product"}],"replies":[{"embeddable":true,"href":"https:\/\/imprimeideas.es\/en\/wp-json\/wp\/v2\/comments?post=40139"}],"version-history":[{"count":1,"href":"https:\/\/imprimeideas.es\/en\/wp-json\/wp\/v2\/product\/40139\/revisions"}],"predecessor-version":[{"id":54407,"href":"https:\/\/imprimeideas.es\/en\/wp-json\/wp\/v2\/product\/40139\/revisions\/54407"}],"wp:featuredmedia":[{"embeddable":true,"href":"https:\/\/imprimeideas.es\/en\/wp-json\/wp\/v2\/media\/62022"}],"wp:attachment":[{"href":"https:\/\/imprimeideas.es\/en\/wp-json\/wp\/v2\/media?parent=40139"}],"wp:term":[{"taxonomy":"product_brand","embeddable":true,"href":"https:\/\/imprimeideas.es\/en\/wp-json\/wp\/v2\/product_brand?post=40139"},{"taxonomy":"product_cat","embeddable":true,"href":"https:\/\/imprimeideas.es\/en\/wp-json\/wp\/v2\/product_cat?post=40139"},{"taxonomy":"product_tag","embeddable":true,"href":"https:\/\/imprimeideas.es\/en\/wp-json\/wp\/v2\/product_tag?post=40139"}],"curies":[{"name":"wp","href":"https:\/\/api.w.org\/{rel}","templated":true}]}}