{"id":40126,"date":"2026-02-24T11:21:24","date_gmt":"2026-02-24T10:21:24","guid":{"rendered":"https:\/\/imprimeideas.es\/?post_type=product&p=40126"},"modified":"2026-02-26T18:03:10","modified_gmt":"2026-02-26T17:03:10","slug":"boligrafo-lapiz-eterno-holwick","status":"publish","type":"product","link":"https:\/\/imprimeideas.es\/en\/product\/boligrafo-lapiz-eterno-holwick\/","title":{"rendered":"Bol\u00edgrafo L\u00e1piz Eterno Holwick"},"content":{"rendered":"<p>Bol\u00edgrafo l\u00e1piz eterno 2 en 1, fabricado en resistente metal de acabado brillo. Con cierre de capucha, incluye bol\u00edgrafo en un extremo (carga jumbo y tinta azul), y l\u00e1piz eterno en el otro extremo, para as\u00ed usar siempre el mismo l\u00e1piz y no generar residuos. Presentado en estuche individual negro.<\/p>","protected":false},"excerpt":{"rendered":"<p>Carga Jumbo<\/p>","protected":false},"featured_media":84786,"comment_status":"open","ping_status":"open","template":"","meta":{"inline_featured_image":false},"product_brand":[],"product_cat":[100],"product_tag":[],"class_list":{"0":"post-40126","1":"product","2":"type-product","3":"status-publish","4":"has-post-thumbnail","6":"product_cat-escritura","8":"first","9":"instock","10":"taxable","11":"shipping-taxable","12":"purchasable","13":"product-type-variable","14":"has-default-attributes"},"aioseo_notices":[],"_links":{"self":[{"href":"https:\/\/imprimeideas.es\/en\/wp-json\/wp\/v2\/product\/40126","targetHints":{"allow":["GET"]}}],"collection":[{"href":"https:\/\/imprimeideas.es\/en\/wp-json\/wp\/v2\/product"}],"about":[{"href":"https:\/\/imprimeideas.es\/en\/wp-json\/wp\/v2\/types\/product"}],"replies":[{"embeddable":true,"href":"https:\/\/imprimeideas.es\/en\/wp-json\/wp\/v2\/comments?post=40126"}],"version-history":[{"count":1,"href":"https:\/\/imprimeideas.es\/en\/wp-json\/wp\/v2\/product\/40126\/revisions"}],"predecessor-version":[{"id":54402,"href":"https:\/\/imprimeideas.es\/en\/wp-json\/wp\/v2\/product\/40126\/revisions\/54402"}],"wp:featuredmedia":[{"embeddable":true,"href":"https:\/\/imprimeideas.es\/en\/wp-json\/wp\/v2\/media\/84786"}],"wp:attachment":[{"href":"https:\/\/imprimeideas.es\/en\/wp-json\/wp\/v2\/media?parent=40126"}],"wp:term":[{"taxonomy":"product_brand","embeddable":true,"href":"https:\/\/imprimeideas.es\/en\/wp-json\/wp\/v2\/product_brand?post=40126"},{"taxonomy":"product_cat","embeddable":true,"href":"https:\/\/imprimeideas.es\/en\/wp-json\/wp\/v2\/product_cat?post=40126"},{"taxonomy":"product_tag","embeddable":true,"href":"https:\/\/imprimeideas.es\/en\/wp-json\/wp\/v2\/product_tag?post=40126"}],"curies":[{"name":"wp","href":"https:\/\/api.w.org\/{rel}","templated":true}]}}