{"id":40124,"date":"2026-02-24T11:21:24","date_gmt":"2026-02-24T10:21:24","guid":{"rendered":"https:\/\/imprimeideas.es\/?post_type=product&p=40124"},"modified":"2026-02-26T18:19:19","modified_gmt":"2026-02-26T17:19:19","slug":"petaca-rediston","status":"publish","type":"product","link":"https:\/\/imprimeideas.es\/en\/product\/petaca-rediston\/","title":{"rendered":"Petaca Rediston"},"content":{"rendered":"<p>Petaca de l\u00ednea nature y 170 ml de capacidad. Exterior en bamb\u00fa de suave acabado, con cuerpo de acero inox y tap\u00f3n de seguridad a rosca. De dise\u00f1o ergon\u00f3mico para guardar c\u00f3modamente en el bolsillo. Presentada en caja individual de dise\u00f1o eco en cart\u00f3n kraft.<\/p>","protected":false},"excerpt":{"rendered":"<p>170 ml<\/p>","protected":false},"featured_media":73597,"comment_status":"open","ping_status":"open","template":"","meta":{"inline_featured_image":false},"product_brand":[],"product_cat":[105],"product_tag":[],"class_list":{"0":"post-40124","1":"product","2":"type-product","3":"status-publish","4":"has-post-thumbnail","6":"product_cat-vino-accesorios-de-bebida-y-hosteleria","8":"first","9":"instock","10":"taxable","11":"shipping-taxable","12":"purchasable","13":"product-type-variable","14":"has-default-attributes"},"aioseo_notices":[],"_links":{"self":[{"href":"https:\/\/imprimeideas.es\/en\/wp-json\/wp\/v2\/product\/40124","targetHints":{"allow":["GET"]}}],"collection":[{"href":"https:\/\/imprimeideas.es\/en\/wp-json\/wp\/v2\/product"}],"about":[{"href":"https:\/\/imprimeideas.es\/en\/wp-json\/wp\/v2\/types\/product"}],"replies":[{"embeddable":true,"href":"https:\/\/imprimeideas.es\/en\/wp-json\/wp\/v2\/comments?post=40124"}],"version-history":[{"count":1,"href":"https:\/\/imprimeideas.es\/en\/wp-json\/wp\/v2\/product\/40124\/revisions"}],"predecessor-version":[{"id":54401,"href":"https:\/\/imprimeideas.es\/en\/wp-json\/wp\/v2\/product\/40124\/revisions\/54401"}],"wp:featuredmedia":[{"embeddable":true,"href":"https:\/\/imprimeideas.es\/en\/wp-json\/wp\/v2\/media\/73597"}],"wp:attachment":[{"href":"https:\/\/imprimeideas.es\/en\/wp-json\/wp\/v2\/media?parent=40124"}],"wp:term":[{"taxonomy":"product_brand","embeddable":true,"href":"https:\/\/imprimeideas.es\/en\/wp-json\/wp\/v2\/product_brand?post=40124"},{"taxonomy":"product_cat","embeddable":true,"href":"https:\/\/imprimeideas.es\/en\/wp-json\/wp\/v2\/product_cat?post=40124"},{"taxonomy":"product_tag","embeddable":true,"href":"https:\/\/imprimeideas.es\/en\/wp-json\/wp\/v2\/product_tag?post=40124"}],"curies":[{"name":"wp","href":"https:\/\/api.w.org\/{rel}","templated":true}]}}