{"id":40091,"date":"2026-02-24T11:21:21","date_gmt":"2026-02-24T10:21:21","guid":{"rendered":"https:\/\/imprimeideas.es\/?post_type=product&p=40091"},"modified":"2026-02-26T18:42:27","modified_gmt":"2026-02-26T17:42:27","slug":"bolso-golduck","status":"publish","type":"product","link":"https:\/\/imprimeideas.es\/en\/product\/bolso-golduck\/","title":{"rendered":"Bolso Golduck"},"content":{"rendered":"<p>Pr\u00e1ctico bolso de l\u00ednea nature fabricado en algod\u00f3n 100% reciclado GRS de 275g\/m2. Con pr\u00e1cticas y resistentes asas en color natural alrededor del bolso. Compartimento principal con cierre de cremallera y cinta para hombro ajustable con cierre de mosquet\u00f3n. Disponible en variada gama de colores y con distintivo algod\u00f3n reciclado en etiqueta exterior. Disponible certificaci\u00f3n GRS (Global Recycled Standard \/ Est\u00e1ndar de Reciclaje Global), que garantiza el origen reciclado del material usado para fabricar el producto.<\/p>","protected":false},"excerpt":{"rendered":"<p>Pr\u00e1ctico bolso de l\u00ednea nature fabricado en algod\u00f3n 100% reciclado GRS de 275g\/m2. Con pr\u00e1cticas y resistentes asas en color<\/p>","protected":false},"featured_media":78202,"comment_status":"open","ping_status":"open","template":"","meta":{"inline_featured_image":false},"product_brand":[],"product_cat":[122,103],"product_tag":[],"class_list":{"0":"post-40091","1":"product","2":"type-product","3":"status-publish","4":"has-post-thumbnail","6":"product_cat-articulos-sostenibles","7":"product_cat-viaje","9":"first","10":"instock","11":"taxable","12":"shipping-taxable","13":"purchasable","14":"product-type-variable","15":"has-default-attributes"},"aioseo_notices":[],"_links":{"self":[{"href":"https:\/\/imprimeideas.es\/en\/wp-json\/wp\/v2\/product\/40091","targetHints":{"allow":["GET"]}}],"collection":[{"href":"https:\/\/imprimeideas.es\/en\/wp-json\/wp\/v2\/product"}],"about":[{"href":"https:\/\/imprimeideas.es\/en\/wp-json\/wp\/v2\/types\/product"}],"replies":[{"embeddable":true,"href":"https:\/\/imprimeideas.es\/en\/wp-json\/wp\/v2\/comments?post=40091"}],"version-history":[{"count":1,"href":"https:\/\/imprimeideas.es\/en\/wp-json\/wp\/v2\/product\/40091\/revisions"}],"predecessor-version":[{"id":54393,"href":"https:\/\/imprimeideas.es\/en\/wp-json\/wp\/v2\/product\/40091\/revisions\/54393"}],"wp:featuredmedia":[{"embeddable":true,"href":"https:\/\/imprimeideas.es\/en\/wp-json\/wp\/v2\/media\/78202"}],"wp:attachment":[{"href":"https:\/\/imprimeideas.es\/en\/wp-json\/wp\/v2\/media?parent=40091"}],"wp:term":[{"taxonomy":"product_brand","embeddable":true,"href":"https:\/\/imprimeideas.es\/en\/wp-json\/wp\/v2\/product_brand?post=40091"},{"taxonomy":"product_cat","embeddable":true,"href":"https:\/\/imprimeideas.es\/en\/wp-json\/wp\/v2\/product_cat?post=40091"},{"taxonomy":"product_tag","embeddable":true,"href":"https:\/\/imprimeideas.es\/en\/wp-json\/wp\/v2\/product_tag?post=40091"}],"curies":[{"name":"wp","href":"https:\/\/api.w.org\/{rel}","templated":true}]}}